{"id":102,"date":"2007-05-02T09:55:08","date_gmt":"2007-05-02T07:55:08","guid":{"rendered":"http:\/\/www.krundalen.no\/blogg\/?page_id=102"},"modified":"2007-05-02T21:20:07","modified_gmt":"2007-05-02T19:20:07","slug":"studentar-i-malstrid-bokkapittel-2003","status":"publish","type":"page","link":"https:\/\/www.krundalen.no\/blogg\/tekstar\/b%c3%b8ker\/studentar-i-malstrid-bokkapittel-2003\/","title":{"rendered":"Studentar i m\u00e5lstrid (bokkapittel 2003)"},"content":{"rendered":"<p><a href=\"http:\/\/www.krundalen.no\/blogg\/wp-content\/uploads\/2007\/05\/smiosoga.jpg\" title=\"smiosoga.jpg\"><img decoding=\"async\" align=\"right\" src=\"http:\/\/www.krundalen.no\/blogg\/wp-content\/uploads\/2007\/05\/smiosoga.forhaandsvisning.jpg\" alt=\"smiosoga.jpg\" title=\"smiosoga.jpg\" \/><\/a>Hoel, Oddmund L. (2003). Kap. 1 Studentm\u00e5llaget tek form, og kap. 2 Mellom venstrestaten og arbeidarpartistaten. I Olaf Almenningen, m.fl., <em>Studentar i m\u00e5lstrid. Studentm\u00e5llaget i Oslo 1900-2000<\/em> (s. 15-151). Oslo: Samlaget.<\/p>\n<p>Bibsys-oppf\u00f8ring (<a href=\"http:\/\/ask.bibsys.no\/ask\/action\/show?pid=050076086&amp;kid=biblio\">kapittel 1 <\/a>| <a href=\"http:\/\/ask.bibsys.no\/ask\/action\/show?pid=050076167&amp;kid=biblio&amp;cmd=reload\">kapittel 2<\/a>)<\/p>\n<p><a href=\"http:\/\/books.google.com\/books?id=AxrNDy0KfLoC&amp;pg=PP1&amp;ots=7ErIqAeM2s&amp;dq=studentar+i+m%C3%A5lstrid&amp;sig=T1X-WGt0FmTfimNNFVnv7oJVJyw\">heile boka i fulltekst<\/a>\u00a0(Google Book Search)<\/p>\n","protected":false},"excerpt":{"rendered":"<p>Hoel, Oddmund L. (2003). Kap. 1 Studentm\u00e5llaget tek form, og kap. 2 Mellom venstrestaten og arbeidarpartistaten. I Olaf Almenningen, m.fl., Studentar i m\u00e5lstrid. Studentm\u00e5llaget i Oslo 1900-2000 (s. 15-151). Oslo: Samlaget. Bibsys-oppf\u00f8ring (kapittel 1 | kapittel 2) heile boka i &hellip; <a href=\"https:\/\/www.krundalen.no\/blogg\/tekstar\/b%c3%b8ker\/studentar-i-malstrid-bokkapittel-2003\/\">Les meir <span class=\"meta-nav\">&rarr;<\/span><\/a><\/p>\n","protected":false},"author":2,"featured_media":0,"parent":108,"menu_order":7,"comment_status":"open","ping_status":"open","template":"","meta":{"_acf_changed":false,"footnotes":""},"class_list":["post-102","page","type-page","status-publish","hentry"],"acf":[],"_links":{"self":[{"href":"https:\/\/www.krundalen.no\/blogg\/wp-json\/wp\/v2\/pages\/102"}],"collection":[{"href":"https:\/\/www.krundalen.no\/blogg\/wp-json\/wp\/v2\/pages"}],"about":[{"href":"https:\/\/www.krundalen.no\/blogg\/wp-json\/wp\/v2\/types\/page"}],"author":[{"embeddable":true,"href":"https:\/\/www.krundalen.no\/blogg\/wp-json\/wp\/v2\/users\/2"}],"replies":[{"embeddable":true,"href":"https:\/\/www.krundalen.no\/blogg\/wp-json\/wp\/v2\/comments?post=102"}],"version-history":[{"count":0,"href":"https:\/\/www.krundalen.no\/blogg\/wp-json\/wp\/v2\/pages\/102\/revisions"}],"up":[{"embeddable":true,"href":"https:\/\/www.krundalen.no\/blogg\/wp-json\/wp\/v2\/pages\/108"}],"wp:attachment":[{"href":"https:\/\/www.krundalen.no\/blogg\/wp-json\/wp\/v2\/media?parent=102"}],"curies":[{"name":"wp","href":"https:\/\/api.w.org\/{rel}","templated":true}]}}