{"id":1046,"date":"2013-02-18T00:50:02","date_gmt":"2013-02-17T22:50:02","guid":{"rendered":"http:\/\/www.krundalen.no\/blogg\/?page_id=1046"},"modified":"2016-03-08T18:05:01","modified_gmt":"2016-03-08T16:05:01","slug":"kjonnsperspektiv-pa-malreisinga-1885-1940-bokkapittel-2013","status":"publish","type":"page","link":"https:\/\/www.krundalen.no\/blogg\/tekstar\/b%c3%b8ker\/kjonnsperspektiv-pa-malreisinga-1885-1940-bokkapittel-2013\/","title":{"rendered":"Kj\u00f8nnsperspektiv p\u00e5 m\u00e5lreisinga 1885-1940 (bokkapittel 2013)"},"content":{"rendered":"<p>Hoel, Oddmund L. (2013). Eit maskulint prosjekt? Kj\u00f8nnsperspektiv p\u00e5 m\u00e5lreisinga 1885\u20131940. I Jens Johan Hyvik og Stephen Walton (red.), <em>&laquo;Der var ruskut \u00e5 leggja utp\u00e5&raquo;. Ti \u00e5r med mastergraden i nynorsk skriftkultur<\/em> (s. 83-100). Oslo: Novus Forlag.<\/p>\n<p><a href=\"http:\/\/www.krundalen.no\/blogg\/wp-content\/uploads\/2013\/02\/Eit-maskulint-prosjekt.pdf\"><img loading=\"lazy\" decoding=\"async\" class=\"alignleft size-full wp-image-35\" src=\"http:\/\/www.krundalen.no\/blogg\/wp-content\/uploads\/2007\/04\/pdf.gif\" alt=\"Pdf-ikon\" width=\"16\" height=\"16\" \/>Fulltekst<\/a> (pdf)<\/p>\n<p>Artikkelen er ein lett revidert versjon av <a href=\"http:\/\/www.krundalen.no\/blogg\/?page_id=601\">pr\u00f8vef\u00f8relesinga mi<\/a> for ph.d.-graden i historie ved NTNU 20. november 2009. Det oppgjevne emnet for f\u00f8relesinga var \u201dM\u00e5l og maskulinitet. Kj\u00f8nnsperspektiv p\u00e5 m\u00e5lsaka som ideologisk, kulturelt, spr\u00e5kleg og organisatorisk fenomen 1885\u20131940\u201d.<\/p>\n<p><a href=\"http:\/\/www.krundalen.no\/blogg\/wp-content\/uploads\/2013\/02\/aasen-inst-bok.jpg\"><img loading=\"lazy\" decoding=\"async\" class=\"alignleft size-full wp-image-1047\" src=\"http:\/\/www.krundalen.no\/blogg\/wp-content\/uploads\/2013\/02\/aasen-inst-bok.jpg\" alt=\"Nordfag\" width=\"100\" height=\"148\" \/><\/a><\/p>\n","protected":false},"excerpt":{"rendered":"<p>Hoel, Oddmund L. (2013). Eit maskulint prosjekt? Kj\u00f8nnsperspektiv p\u00e5 m\u00e5lreisinga 1885\u20131940. I Jens Johan Hyvik og Stephen Walton (red.), &laquo;Der var ruskut \u00e5 leggja utp\u00e5&raquo;. Ti \u00e5r med mastergraden i nynorsk skriftkultur (s. 83-100). Oslo: Novus Forlag. Fulltekst (pdf) Artikkelen &hellip; <a href=\"https:\/\/www.krundalen.no\/blogg\/tekstar\/b%c3%b8ker\/kjonnsperspektiv-pa-malreisinga-1885-1940-bokkapittel-2013\/\">Les meir <span class=\"meta-nav\">&rarr;<\/span><\/a><\/p>\n","protected":false},"author":2,"featured_media":0,"parent":108,"menu_order":2,"comment_status":"open","ping_status":"open","template":"","meta":{"_acf_changed":false,"footnotes":""},"class_list":["post-1046","page","type-page","status-publish","hentry"],"acf":[],"_links":{"self":[{"href":"https:\/\/www.krundalen.no\/blogg\/wp-json\/wp\/v2\/pages\/1046"}],"collection":[{"href":"https:\/\/www.krundalen.no\/blogg\/wp-json\/wp\/v2\/pages"}],"about":[{"href":"https:\/\/www.krundalen.no\/blogg\/wp-json\/wp\/v2\/types\/page"}],"author":[{"embeddable":true,"href":"https:\/\/www.krundalen.no\/blogg\/wp-json\/wp\/v2\/users\/2"}],"replies":[{"embeddable":true,"href":"https:\/\/www.krundalen.no\/blogg\/wp-json\/wp\/v2\/comments?post=1046"}],"version-history":[{"count":3,"href":"https:\/\/www.krundalen.no\/blogg\/wp-json\/wp\/v2\/pages\/1046\/revisions"}],"predecessor-version":[{"id":1286,"href":"https:\/\/www.krundalen.no\/blogg\/wp-json\/wp\/v2\/pages\/1046\/revisions\/1286"}],"up":[{"embeddable":true,"href":"https:\/\/www.krundalen.no\/blogg\/wp-json\/wp\/v2\/pages\/108"}],"wp:attachment":[{"href":"https:\/\/www.krundalen.no\/blogg\/wp-json\/wp\/v2\/media?parent=1046"}],"curies":[{"name":"wp","href":"https:\/\/api.w.org\/{rel}","templated":true}]}}