{"id":1059,"date":"2013-04-18T18:44:10","date_gmt":"2013-04-18T16:44:10","guid":{"rendered":"http:\/\/www.krundalen.no\/blogg\/?page_id=1059"},"modified":"2016-02-14T17:04:27","modified_gmt":"2016-02-14T15:04:27","slug":"offentlege-krisetiltak-i-jostedalen-1742-43-artikkel-2013","status":"publish","type":"page","link":"https:\/\/www.krundalen.no\/blogg\/tekstar\/tidsskriftartiklar-faglege\/offentlege-krisetiltak-i-jostedalen-1742-43-artikkel-2013\/","title":{"rendered":"Offentlege krisetiltak i Jostedalen 1742-43 (Heimen 2013)"},"content":{"rendered":"<p>Hoel, Oddmund L. (2013). Offentlege krisetiltak i Jostedalen 1742\u201343. <em>Heimen<\/em> (nr. 1), 65\u201383.<\/p>\n<p><a href=\"https:\/\/www.idunn.no\/heimen\/2013\/01\/offentlege_krisetiltak_i_jostedalen_174243\">Fulltekst<\/a> (idunn.no, krev abonnement)<\/p>\n<p><strong>Samandrag<\/strong><\/p>\n<p>Breane n\u00e5dde i 1740-\u00e5ra maksimum under klimaforverringa gjennom den vesle istida. I brebygda Jostedalen i Indre Sogn vart ein gard heilt \u00f8ydelagd av breen medan fleire andre fekk delar av beite- og sl\u00e5tteomr\u00e5da \u00f8ydelagde. Dette fall saman med avlingssvikten og matforsyningskrisaa som r\u00e5ka heile Noreg og kulminerte i 1742. Under ei synsforretning p\u00e5 fem skadde gardar i august 1742 fekk futen i Ytre og Indre Sogn ved sj\u00f8lvsyn eit inntrykk av tilstanden i bygda. Framst\u00e5ande allmugerepresentantar sette seg samstundes i sving for \u00e5 leia embetsverket si merksemd mot den stusslege tilstanden i bygda. Dette resulterte v\u00e5ren 1743 i ein naudhjelpsaksjon sett i verk av stiftsamtmannen i Bergen der 200 t\u00f8nner korn og ein del kontantar vart sende til utdeling mellom allmugen, presten og klokkaren i Jostedalen. Denne aksjonen sette Jostedalen i ei s\u00e6rstilling i Bergen stift n\u00e5r det galdt krisetiltak. Det finst ein fyldig dokumentasjon av hendingane, og artikkelen analyserer bakgrunnen for og gjennomf\u00f8ringa av krisetiltaka i Jostedalen. Att\u00e5t ein dokumentasjon av hendingsgangen vert s\u00e6rleg r\u00f8yndomsoppfatninga til embetsmennene og samspelet mellom embetsmenn og allmuge analysert. Det vert \u00f2g vurdert om nauda var s\u00e5 stor som embetsmannsrapportane gav uttrykk for, eller om det vart skapt eit bilete av at nauda var st\u00f8rre enn ho kanskje var jamf\u00f8rt med andre naudlidande vestlandsbygder.<\/p>\n<p><strong>Kjeldeavskrifter<\/strong><\/p>\n<p>Eg har tidlegare publisert avskrifter av det meste av kjeldetilfanget:<\/p>\n<ol>\n<li><a href=\"http:\/\/www.historielaget.jostedal.no\/?page_id=1146\">Dokument om avtaksforretningane i Jostedalen 1742<\/a> (Jostedal historielag)<\/li>\n<li><a href=\"http:\/\/www.historielaget.jostedal.no\/?page_id=1425\">Dokument om skattefritak for ni gardbrukarar 1742\u201343<\/a> (Jostedal historielag)<\/li>\n<li><a href=\"http:\/\/www.historielaget.jostedal.no\/?page_id=1130\">Dokument om naudhjelp til Jostedalen 1743<\/a> (Jostedal historielag)<\/li>\n<li><a href=\"http:\/\/www.krundalen.no\/blogg\/wp-content\/uploads\/2012\/03\/Dokument-samla-om-naudhjelp-1743-AVSKRIFT.pdf\">Ca 50 dokument om krisa i Jostedalen 1742\u201343<\/a> (pdf) \u2013 har med ein del av dokumenta i 1\u20133 att\u00e5t ei rekkje tidlegare ukjende.<\/li>\n<\/ol>\n<p>Mykje av stoffet vart presentert <a href=\"http:\/\/www.krundalen.no\/blogg\/?page_id=964\">i eit f\u00f8redrag i 2012<\/a>.<\/p>\n","protected":false},"excerpt":{"rendered":"<p>Hoel, Oddmund L. (2013). Offentlege krisetiltak i Jostedalen 1742\u201343. Heimen (nr. 1), 65\u201383. Fulltekst (idunn.no, krev abonnement) Samandrag Breane n\u00e5dde i 1740-\u00e5ra maksimum under klimaforverringa gjennom den vesle istida. I brebygda Jostedalen i Indre Sogn vart ein gard heilt \u00f8ydelagd &hellip; <a href=\"https:\/\/www.krundalen.no\/blogg\/tekstar\/tidsskriftartiklar-faglege\/offentlege-krisetiltak-i-jostedalen-1742-43-artikkel-2013\/\">Les meir <span class=\"meta-nav\">&rarr;<\/span><\/a><\/p>\n","protected":false},"author":2,"featured_media":0,"parent":109,"menu_order":4,"comment_status":"open","ping_status":"open","template":"","meta":{"_acf_changed":false,"footnotes":""},"class_list":["post-1059","page","type-page","status-publish","hentry"],"acf":[],"_links":{"self":[{"href":"https:\/\/www.krundalen.no\/blogg\/wp-json\/wp\/v2\/pages\/1059"}],"collection":[{"href":"https:\/\/www.krundalen.no\/blogg\/wp-json\/wp\/v2\/pages"}],"about":[{"href":"https:\/\/www.krundalen.no\/blogg\/wp-json\/wp\/v2\/types\/page"}],"author":[{"embeddable":true,"href":"https:\/\/www.krundalen.no\/blogg\/wp-json\/wp\/v2\/users\/2"}],"replies":[{"embeddable":true,"href":"https:\/\/www.krundalen.no\/blogg\/wp-json\/wp\/v2\/comments?post=1059"}],"version-history":[{"count":4,"href":"https:\/\/www.krundalen.no\/blogg\/wp-json\/wp\/v2\/pages\/1059\/revisions"}],"predecessor-version":[{"id":1260,"href":"https:\/\/www.krundalen.no\/blogg\/wp-json\/wp\/v2\/pages\/1059\/revisions\/1260"}],"up":[{"embeddable":true,"href":"https:\/\/www.krundalen.no\/blogg\/wp-json\/wp\/v2\/pages\/109"}],"wp:attachment":[{"href":"https:\/\/www.krundalen.no\/blogg\/wp-json\/wp\/v2\/media?parent=1059"}],"curies":[{"name":"wp","href":"https:\/\/api.w.org\/{rel}","templated":true}]}}