{"id":1098,"date":"2013-10-25T10:23:13","date_gmt":"2013-10-25T08:23:13","guid":{"rendered":"http:\/\/www.krundalen.no\/blogg\/?page_id=1098"},"modified":"2025-04-23T17:20:52","modified_gmt":"2025-04-23T15:20:52","slug":"tilhovet-mellom-malrorsla-og-arbeidarpartiet-1890-1940-arbeiderhistorie-2013","status":"publish","type":"page","link":"https:\/\/www.krundalen.no\/blogg\/tekstar\/tidsskriftartiklar-faglege\/tilhovet-mellom-malrorsla-og-arbeidarpartiet-1890-1940-arbeiderhistorie-2013\/","title":{"rendered":"Tilh\u00f8vet mellom m\u00e5lr\u00f8rsla og Arbeidarpartiet 1890-1940 (Arbeiderhistorie 2013)"},"content":{"rendered":"<p><a href=\"http:\/\/www.krundalen.no\/blogg\/wp-content\/uploads\/2013\/10\/Arbeiderhistorie2013.jpg\"><img loading=\"lazy\" decoding=\"async\" class=\"alignleft size-thumbnail wp-image-1106\" src=\"http:\/\/www.krundalen.no\/blogg\/wp-content\/uploads\/2013\/10\/Arbeiderhistorie2013-150x213.jpg\" alt=\"Arbeiderhistorie2013\" width=\"150\" height=\"213\" srcset=\"https:\/\/www.krundalen.no\/blogg\/wp-content\/uploads\/2013\/10\/Arbeiderhistorie2013-150x213.jpg 150w, https:\/\/www.krundalen.no\/blogg\/wp-content\/uploads\/2013\/10\/Arbeiderhistorie2013.jpg 180w\" sizes=\"(max-width: 150px) 100vw, 150px\" \/><\/a>Hoel, Oddmund L. (2013). Tilh\u00f8vet mellom m\u00e5lr\u00f8rsla og Arbeidarpartiet 1890-1940. <em>Arbeiderhistorie. \u00c5rbok for arbeiderbevegelsens arkiv og bibliotek,<\/em> 41-59.<\/p>\n<p>Artikkelen tek f\u00f8re seg tilh\u00f8vet mellom leiinga i m\u00e5lr\u00f8rsla og arbeidarr\u00f8rsla med vekt p\u00e5 Arbeidarpartiet. Perioden fr\u00e5 kring 1890 til 1940 femner om ti\u00e5ra d\u00e5 b\u00e5de m\u00e5lr\u00f8rsla og Arbeidarpartiet vart landsfemnande fenomen,\u00a0var i sterk vekst og vart maktfaktorar i samfunnet. Artikkelen stiller seg kritisk til tidlegare p\u00e5standar om at Arbeidarpartiet stilte seg n\u00f8ytral og jamvel likes\u00e6l til m\u00e5lsp\u00f8rsm\u00e5let. Sj\u00f8lv om partiet offisielt fylgde ei n\u00f8ytralitetsline til 1930-\u00e5ra, var partiet i praktisk politikk eit st\u00f8tteparti for m\u00e5lsaka. Tilh\u00f8vet til leiinga i m\u00e5lr\u00f8rsla var derimot sv\u00e6rt skiftande i ulike fasar i perioden.<\/p>\n<p>Artikkelen byggjer i stor grad p\u00e5 stoff fr\u00e5 doktoravhandlinga mi, publisert som <a href=\"http:\/\/www.krundalen.no\/blogg\/?page_id=789\">M\u00e5l og modernisering 1868-1940. Norsk m\u00e5lreising 2<\/a> (2011). Tidlegare versjonar av artikkelen:<br \/>\n* <a href=\"http:\/\/www.krundalen.no\/blogg\/?page_id=836\">Milit\u00e6rpolitikk framfor m\u00e5lsak<\/a>, <em>Dag og Tid<\/em> 4.3.2011 (kort versjon)<br \/>\n* Milit\u00e6rpolitikken sin innverknad p\u00e5 tilh\u00f8vet mellom arbeidarr\u00f8rsla og m\u00e5lr\u00f8rsla fr\u00e5 1890-\u00e5ra til kring 1920,\u00a0\u00a0innlegg p\u00e5 arbeidarhistoriesesjonen under Norske historiedagar i Bod\u00f8 4.5.2012<\/p>\n<p><a href=\"https:\/\/urn.nb.no\/URN:NBN:no-nb_digitidsskrift_2018070981046_001\">Fulltekst Nasjonalbiblioteket<\/a><\/p>\n","protected":false},"excerpt":{"rendered":"<p>Hoel, Oddmund L. (2013). Tilh\u00f8vet mellom m\u00e5lr\u00f8rsla og Arbeidarpartiet 1890-1940. Arbeiderhistorie. \u00c5rbok for arbeiderbevegelsens arkiv og bibliotek, 41-59. Artikkelen tek f\u00f8re seg tilh\u00f8vet mellom leiinga i m\u00e5lr\u00f8rsla og arbeidarr\u00f8rsla med vekt p\u00e5 Arbeidarpartiet. Perioden fr\u00e5 kring 1890 til 1940 femner &hellip; <a href=\"https:\/\/www.krundalen.no\/blogg\/tekstar\/tidsskriftartiklar-faglege\/tilhovet-mellom-malrorsla-og-arbeidarpartiet-1890-1940-arbeiderhistorie-2013\/\">Les meir <span class=\"meta-nav\">&rarr;<\/span><\/a><\/p>\n","protected":false},"author":2,"featured_media":0,"parent":109,"menu_order":3,"comment_status":"open","ping_status":"open","template":"","meta":{"_acf_changed":false,"footnotes":""},"class_list":["post-1098","page","type-page","status-publish","hentry"],"acf":[],"_links":{"self":[{"href":"https:\/\/www.krundalen.no\/blogg\/wp-json\/wp\/v2\/pages\/1098"}],"collection":[{"href":"https:\/\/www.krundalen.no\/blogg\/wp-json\/wp\/v2\/pages"}],"about":[{"href":"https:\/\/www.krundalen.no\/blogg\/wp-json\/wp\/v2\/types\/page"}],"author":[{"embeddable":true,"href":"https:\/\/www.krundalen.no\/blogg\/wp-json\/wp\/v2\/users\/2"}],"replies":[{"embeddable":true,"href":"https:\/\/www.krundalen.no\/blogg\/wp-json\/wp\/v2\/comments?post=1098"}],"version-history":[{"count":4,"href":"https:\/\/www.krundalen.no\/blogg\/wp-json\/wp\/v2\/pages\/1098\/revisions"}],"predecessor-version":[{"id":1756,"href":"https:\/\/www.krundalen.no\/blogg\/wp-json\/wp\/v2\/pages\/1098\/revisions\/1756"}],"up":[{"embeddable":true,"href":"https:\/\/www.krundalen.no\/blogg\/wp-json\/wp\/v2\/pages\/109"}],"wp:attachment":[{"href":"https:\/\/www.krundalen.no\/blogg\/wp-json\/wp\/v2\/media?parent=1098"}],"curies":[{"name":"wp","href":"https:\/\/api.w.org\/{rel}","templated":true}]}}