{"id":1115,"date":"2013-11-22T21:38:26","date_gmt":"2013-11-22T19:38:26","guid":{"rendered":"http:\/\/www.krundalen.no\/blogg\/?page_id=1115"},"modified":"2025-04-23T17:15:14","modified_gmt":"2025-04-23T15:15:14","slug":"sogndal-folkehogskule-som-sentrum-for-malreisinga-1870-1900-arbok-for-sogn-2013","status":"publish","type":"page","link":"https:\/\/www.krundalen.no\/blogg\/tekstar\/tidsskriftartiklar-faglege\/sogndal-folkehogskule-som-sentrum-for-malreisinga-1870-1900-arbok-for-sogn-2013\/","title":{"rendered":"Sogndal folkeh\u00f8gskule som sentrum for m\u00e5lreisinga 1870-1900 (\u00c5rbok for Sogn 2013)"},"content":{"rendered":"<p>Hoel, Oddmund L. (2013). Sogndal folkeh\u00f8gskule som sentrum for m\u00e5lreisinga 1870\u20131900. <em>\u00c5rbok for Sogn<\/em>, 121\u2013133.<\/p>\n<p><a href=\"http:\/\/www.krundalen.no\/blogg\/wp-content\/uploads\/2007\/04\/pdf.gif\"><img loading=\"lazy\" decoding=\"async\" class=\"alignleft size-full wp-image-35\" src=\"http:\/\/www.krundalen.no\/blogg\/wp-content\/uploads\/2007\/04\/pdf.gif\" alt=\"Pdf-ikon\" width=\"16\" height=\"16\" \/><\/a>\u00a0<a href=\"http:\/\/www.krundalen.no\/blogg\/wp-content\/uploads\/2013\/11\/\u00c5rbok-sogn-2013.pdf\">Fulltekst (pdf)<\/a> (3,0 Mb) | <a href=\"https:\/\/urn.nb.no\/URN:NBN:no-nb_digitidsskrift_2018101981232_001\">Fulltekst Nasjonalbiblioteket<\/a><\/p>\n<p>Artikkelen dokumenterer at m\u00e5lmilj\u00f8et kring Sogndal folkeh\u00f8gskule spela ei end\u00e5 viktigare rolle prosessen fram mot jamstillingsvedtaket i 1885 enn det som g\u00e5r fram av tidlegare framstillingar.<\/p>\n<p>Artikkelen er ei omarbeidd og utvida utg\u00e5ve av f\u00f8redrag haldne p\u00e5 tilstellingar av Sogndal bibliotek og Sogndal M\u00e5llag 11.2.2013 og p\u00e5 Sogndal folkeh\u00f8gskule 18.6.2013.<\/p>\n","protected":false},"excerpt":{"rendered":"<p>Hoel, Oddmund L. (2013). Sogndal folkeh\u00f8gskule som sentrum for m\u00e5lreisinga 1870\u20131900. \u00c5rbok for Sogn, 121\u2013133. \u00a0Fulltekst (pdf) (3,0 Mb) | Fulltekst Nasjonalbiblioteket Artikkelen dokumenterer at m\u00e5lmilj\u00f8et kring Sogndal folkeh\u00f8gskule spela ei end\u00e5 viktigare rolle prosessen fram mot jamstillingsvedtaket i 1885 &hellip; <a href=\"https:\/\/www.krundalen.no\/blogg\/tekstar\/tidsskriftartiklar-faglege\/sogndal-folkehogskule-som-sentrum-for-malreisinga-1870-1900-arbok-for-sogn-2013\/\">Les meir <span class=\"meta-nav\">&rarr;<\/span><\/a><\/p>\n","protected":false},"author":2,"featured_media":0,"parent":109,"menu_order":1,"comment_status":"open","ping_status":"open","template":"","meta":{"_acf_changed":false,"footnotes":""},"class_list":["post-1115","page","type-page","status-publish","hentry"],"acf":[],"_links":{"self":[{"href":"https:\/\/www.krundalen.no\/blogg\/wp-json\/wp\/v2\/pages\/1115"}],"collection":[{"href":"https:\/\/www.krundalen.no\/blogg\/wp-json\/wp\/v2\/pages"}],"about":[{"href":"https:\/\/www.krundalen.no\/blogg\/wp-json\/wp\/v2\/types\/page"}],"author":[{"embeddable":true,"href":"https:\/\/www.krundalen.no\/blogg\/wp-json\/wp\/v2\/users\/2"}],"replies":[{"embeddable":true,"href":"https:\/\/www.krundalen.no\/blogg\/wp-json\/wp\/v2\/comments?post=1115"}],"version-history":[{"count":3,"href":"https:\/\/www.krundalen.no\/blogg\/wp-json\/wp\/v2\/pages\/1115\/revisions"}],"predecessor-version":[{"id":1753,"href":"https:\/\/www.krundalen.no\/blogg\/wp-json\/wp\/v2\/pages\/1115\/revisions\/1753"}],"up":[{"embeddable":true,"href":"https:\/\/www.krundalen.no\/blogg\/wp-json\/wp\/v2\/pages\/109"}],"wp:attachment":[{"href":"https:\/\/www.krundalen.no\/blogg\/wp-json\/wp\/v2\/media?parent=1115"}],"curies":[{"name":"wp","href":"https:\/\/api.w.org\/{rel}","templated":true}]}}