{"id":1234,"date":"2015-12-08T00:44:32","date_gmt":"2015-12-07T22:44:32","guid":{"rendered":"http:\/\/www.krundalen.no\/blogg\/?page_id=1234"},"modified":"2018-12-30T20:17:39","modified_gmt":"2018-12-30T18:17:39","slug":"siste-nytt-fra-1600-talet","status":"publish","type":"page","link":"https:\/\/www.krundalen.no\/blogg\/tekstar\/popul%c3%a6rfaglege-arbeid\/siste-nytt-fra-1600-talet\/","title":{"rendered":"Siste nytt fr\u00e5 1600-talet"},"content":{"rendered":"<p><a href=\"http:\/\/www.krundalen.no\/blogg\/wp-content\/uploads\/2015\/12\/skatteting-\u00e5sen.jpg\"><img loading=\"lazy\" decoding=\"async\" class=\"alignright wp-image-1243 size-medium\" src=\"http:\/\/www.krundalen.no\/blogg\/wp-content\/uploads\/2015\/12\/skatteting-\u00e5sen-300x206.jpg\" alt=\"skatteting \u00e5sen\" width=\"300\" height=\"206\" srcset=\"https:\/\/www.krundalen.no\/blogg\/wp-content\/uploads\/2015\/12\/skatteting-\u00e5sen-300x206.jpg 300w, https:\/\/www.krundalen.no\/blogg\/wp-content\/uploads\/2015\/12\/skatteting-\u00e5sen-150x103.jpg 150w, https:\/\/www.krundalen.no\/blogg\/wp-content\/uploads\/2015\/12\/skatteting-\u00e5sen-1024x702.jpg 1024w, https:\/\/www.krundalen.no\/blogg\/wp-content\/uploads\/2015\/12\/skatteting-\u00e5sen.jpg 1164w\" sizes=\"(max-width: 300px) 100vw, 300px\" \/><\/a>Fast spalte i <em>Jostedal skule- og bygdeavis<\/em> sidan 2011 om 1600-talet i Jostedalen. Artiklane byggjer i hovudsak p\u00e5 prim\u00e6rkjelder, mest skattelister.<\/p>\n<ul>\n<li>2018: Prestes\u00f8knaden til Henrik Nitter [<a href=\"http:\/\/www.krundalen.no\/blogg\/wp-content\/uploads\/2018\/12\/JSA-2018-siste-nytt-fr\u00e5-1600-talet.pdf\">pdf<\/a>]<\/li>\n<li>2017: Klagebrev fr\u00e5 presten i 1667 [<a href=\"http:\/\/www.krundalen.no\/blogg\/wp-content\/uploads\/2015\/12\/Siste-nytt-fr\u00e5-1600-talet-2017.pdf\">pdf<\/a>]<\/li>\n<li>2016: Mislukka kommunereform i 1630-\u00e5ra [<a href=\"http:\/\/www.krundalen.no\/blogg\/wp-content\/uploads\/2015\/12\/JSA-2016-Siste-nytt-1600-talet.pdf\">pdf<\/a>]<\/li>\n<li>2015: Den fyrste fattige josted\u00f8len [<a href=\"http:\/\/www.krundalen.no\/blogg\/wp-content\/uploads\/2015\/12\/Siste-nytt-fr\u00e5-1600-talet-2015.pdf\">pdf<\/a>]<\/li>\n<li>2014: Skatteting i \u00c5sen 1667 [<a href=\"http:\/\/www.krundalen.no\/blogg\/wp-content\/uploads\/2015\/12\/siste-nytt-fr\u00e5-1600-talet-2014.pdf\">pdf<\/a>]<\/li>\n<li>2013: Harde tider i Mj\u00f8lver alt p\u00e5 1600-talet [<a href=\"http:\/\/www.krundalen.no\/blogg\/wp-content\/uploads\/2015\/12\/siste-nytt-fr\u00e5-1600-talet-2013.pdf\">pdf <\/a>| <a href=\"http:\/\/www.historielaget.jostedal.no\/?page_id=2883\">nettside<\/a>]<\/li>\n<li>2012: H\u00f8yrde Jostedalen til Luster eller Hafslo etter nyryddinga? [<a href=\"http:\/\/www.historielaget.jostedal.no\/?page_id=2462\">nettside<\/a>]<\/li>\n<li>2011: Jostedalen del av Hafslo prestegjeld kring 1615 [<a href=\"http:\/\/www.krundalen.no\/artiklar\/2011-1600-tal-delavhafslo-JSA.pdf\">pdf<\/a>]<\/li>\n<\/ul>\n","protected":false},"excerpt":{"rendered":"<p>Fast spalte i Jostedal skule- og bygdeavis sidan 2011 om 1600-talet i Jostedalen. Artiklane byggjer i hovudsak p\u00e5 prim\u00e6rkjelder, mest skattelister. 2018: Prestes\u00f8knaden til Henrik Nitter [pdf] 2017: Klagebrev fr\u00e5 presten i 1667 [pdf] 2016: Mislukka kommunereform i 1630-\u00e5ra [pdf] &hellip; <a href=\"https:\/\/www.krundalen.no\/blogg\/tekstar\/popul%c3%a6rfaglege-arbeid\/siste-nytt-fra-1600-talet\/\">Les meir <span class=\"meta-nav\">&rarr;<\/span><\/a><\/p>\n","protected":false},"author":2,"featured_media":0,"parent":111,"menu_order":1,"comment_status":"closed","ping_status":"closed","template":"","meta":{"_acf_changed":false,"footnotes":""},"class_list":["post-1234","page","type-page","status-publish","hentry"],"acf":[],"_links":{"self":[{"href":"https:\/\/www.krundalen.no\/blogg\/wp-json\/wp\/v2\/pages\/1234"}],"collection":[{"href":"https:\/\/www.krundalen.no\/blogg\/wp-json\/wp\/v2\/pages"}],"about":[{"href":"https:\/\/www.krundalen.no\/blogg\/wp-json\/wp\/v2\/types\/page"}],"author":[{"embeddable":true,"href":"https:\/\/www.krundalen.no\/blogg\/wp-json\/wp\/v2\/users\/2"}],"replies":[{"embeddable":true,"href":"https:\/\/www.krundalen.no\/blogg\/wp-json\/wp\/v2\/comments?post=1234"}],"version-history":[{"count":10,"href":"https:\/\/www.krundalen.no\/blogg\/wp-json\/wp\/v2\/pages\/1234\/revisions"}],"predecessor-version":[{"id":1562,"href":"https:\/\/www.krundalen.no\/blogg\/wp-json\/wp\/v2\/pages\/1234\/revisions\/1562"}],"up":[{"embeddable":true,"href":"https:\/\/www.krundalen.no\/blogg\/wp-json\/wp\/v2\/pages\/111"}],"wp:attachment":[{"href":"https:\/\/www.krundalen.no\/blogg\/wp-json\/wp\/v2\/media?parent=1234"}],"curies":[{"name":"wp","href":"https:\/\/api.w.org\/{rel}","templated":true}]}}