{"id":1296,"date":"2016-03-26T16:01:05","date_gmt":"2016-03-26T14:01:05","guid":{"rendered":"http:\/\/www.krundalen.no\/blogg\/?page_id=1296"},"modified":"2017-10-02T00:34:46","modified_gmt":"2017-10-01T22:34:46","slug":"fjordfylket-pa-nye-vegar-1875-1945-under-utgj","status":"publish","type":"page","link":"https:\/\/www.krundalen.no\/blogg\/tekstar\/b%c3%b8ker\/fjordfylket-pa-nye-vegar-1875-1945-under-utgj\/","title":{"rendered":"Fjordfylket p\u00e5 nye vegar 1875\u20131945 (bok 2017)"},"content":{"rendered":"<p><a href=\"http:\/\/www.krundalen.no\/blogg\/wp-content\/uploads\/2016\/03\/Band-3-omslag.jpg\"><img loading=\"lazy\" decoding=\"async\" class=\"alignleft size-thumbnail wp-image-1470\" src=\"http:\/\/www.krundalen.no\/blogg\/wp-content\/uploads\/2016\/03\/Band-3-omslag-150x180.jpg\" alt=\"\" width=\"150\" height=\"180\" srcset=\"https:\/\/www.krundalen.no\/blogg\/wp-content\/uploads\/2016\/03\/Band-3-omslag-150x180.jpg 150w, https:\/\/www.krundalen.no\/blogg\/wp-content\/uploads\/2016\/03\/Band-3-omslag-300x359.jpg 300w, https:\/\/www.krundalen.no\/blogg\/wp-content\/uploads\/2016\/03\/Band-3-omslag.jpg 333w\" sizes=\"(max-width: 150px) 100vw, 150px\" \/><\/a>Hoel, Oddmund L. (2017). <em>Soga om Sogn og Fjordane. Fjordfylket p\u00e5 nye vegar 1875\u20131945.<\/em> (Bd. 3). Bergen: Fagbokforlaget. 320 s.<\/p>\n<p><strong>Forlagsomtale<\/strong><\/p>\n<p>Sogn og Fjordane er eit annleisfylke, blir det gjerne sagt. Her veks folketalet seinare enn i andre fylke. Byane er f\u00e5 og sm\u00e5. Men levek\u00e5ra er betre og tryggare her enn andre stader. Soga om Sogn og Fjordane sp\u00f8r korleis det har vorte slik. Verket tek for seg utviklinga i landskap og bygder som kvar for seg har ei langt eldre historie enn fylket, men set ogs\u00e5 historia om omr\u00e5det i samband med utviklinga utanfor.<\/p>\n<p>Band 3 fortel om dei store endringane i jordbruk, fiske og industri fr\u00e5 siste del av 1800-talet, og om utbygginga av nye kommunikasjonar, institusjonar og organisasjonar som knytte fylket meir saman.<\/p>\n<p><strong>Om boka og prosjektet<\/strong><\/p>\n<p>Utdrag fr\u00e5 boka: <a href=\"https:\/\/issuu.com\/fagbokforlaget\/docs\/sogn_og_fjordane_lll_utdrag\">innhaldsliste, kapittel 1 og omslag <\/a>(issuu.com)<\/p>\n<p>Fagbokforlaget: <a href=\"https:\/\/www.fagbokforlaget.no\/Soga-om-Sogn-og-Fjordane-III\/I9788245019162\">om band 3<\/a> | <a href=\"https:\/\/www.fagbokforlaget.no\/Soga-om-Sogn-og-Fjordane-I-IV\/I9788245019131\">om verket<\/a><\/p>\n<p>Facebook: <a href=\"https:\/\/www.facebook.com\/sogaomsognogfjordane\/\">Soga om Sogn og Fjordane<\/a> (arrangement, medieomtaler, sm\u00e5nytt)<\/p>\n<p><a href=\"http:\/\/fylkessoga.hisf.no\/\">Nettstaden til forskingsprosjektet<\/a><\/p>\n","protected":false},"excerpt":{"rendered":"<p>Hoel, Oddmund L. (2017). Soga om Sogn og Fjordane. Fjordfylket p\u00e5 nye vegar 1875\u20131945. (Bd. 3). Bergen: Fagbokforlaget. 320 s. Forlagsomtale Sogn og Fjordane er eit annleisfylke, blir det gjerne sagt. Her veks folketalet seinare enn i andre fylke. Byane &hellip; <a href=\"https:\/\/www.krundalen.no\/blogg\/tekstar\/b%c3%b8ker\/fjordfylket-pa-nye-vegar-1875-1945-under-utgj\/\">Les meir <span class=\"meta-nav\">&rarr;<\/span><\/a><\/p>\n","protected":false},"author":2,"featured_media":0,"parent":108,"menu_order":0,"comment_status":"closed","ping_status":"closed","template":"","meta":{"_acf_changed":false,"footnotes":""},"class_list":["post-1296","page","type-page","status-publish","hentry"],"acf":[],"_links":{"self":[{"href":"https:\/\/www.krundalen.no\/blogg\/wp-json\/wp\/v2\/pages\/1296"}],"collection":[{"href":"https:\/\/www.krundalen.no\/blogg\/wp-json\/wp\/v2\/pages"}],"about":[{"href":"https:\/\/www.krundalen.no\/blogg\/wp-json\/wp\/v2\/types\/page"}],"author":[{"embeddable":true,"href":"https:\/\/www.krundalen.no\/blogg\/wp-json\/wp\/v2\/users\/2"}],"replies":[{"embeddable":true,"href":"https:\/\/www.krundalen.no\/blogg\/wp-json\/wp\/v2\/comments?post=1296"}],"version-history":[{"count":7,"href":"https:\/\/www.krundalen.no\/blogg\/wp-json\/wp\/v2\/pages\/1296\/revisions"}],"predecessor-version":[{"id":1471,"href":"https:\/\/www.krundalen.no\/blogg\/wp-json\/wp\/v2\/pages\/1296\/revisions\/1471"}],"up":[{"embeddable":true,"href":"https:\/\/www.krundalen.no\/blogg\/wp-json\/wp\/v2\/pages\/108"}],"wp:attachment":[{"href":"https:\/\/www.krundalen.no\/blogg\/wp-json\/wp\/v2\/media?parent=1296"}],"curies":[{"name":"wp","href":"https:\/\/api.w.org\/{rel}","templated":true}]}}