{"id":1338,"date":"2016-04-11T10:32:38","date_gmt":"2016-04-11T08:32:38","guid":{"rendered":"http:\/\/www.krundalen.no\/blogg\/?page_id=1338"},"modified":"2016-04-11T13:07:35","modified_gmt":"2016-04-11T11:07:35","slug":"tidsliner-provesider","status":"publish","type":"page","link":"https:\/\/www.krundalen.no\/blogg\/tekstar\/tidsliner-provesider\/","title":{"rendered":"Tidsliner &#8211; pr\u00f8vesider"},"content":{"rendered":"<p>Arbeidssider for utpr\u00f8ving av tidlineverkty.<\/p>\n<p><strong>Laga med TimelineJS<\/strong><\/p>\n<p>Verkty for tidsliner (open kjeldekode), sj\u00e5 <a href=\"http:\/\/timeline.knightlab.com\/\">TimelineJS<\/a>. Eigne d\u00f8me:<\/p>\n<ul>\n<li><a href=\"http:\/\/www.krundalen.no\/blogg\/?page_id=1347\">Fylkeshistoria \u00e5r for \u00e5r<\/a><\/li>\n<li><a href=\"http:\/\/www.krundalen.no\/blogg\/?page_id=1321\">Krisa i Jostedalen 1742-43<\/a><\/li>\n<li><a href=\"http:\/\/www.krundalen.no\/blogg\/?page_id=1335\">Telefonutbygginga i Jostedalen<\/a><\/li>\n<\/ul>\n<p><strong>Laga med TimeMapper<\/strong><\/p>\n<p>Verkty som koplar tidsline og kart (open kjeldekode), sj\u00e5 <a href=\"http:\/\/timemapper.okfnlabs.org\/\">TimeMapper<\/a>. Eigne d\u00f8me:<\/p>\n<ul>\n<li><a href=\"http:\/\/timemapper.okfnlabs.org\/oddmundh\/sogn-og-fjordane-1763-2013\">Fylkehistoria \u00e5r for \u00e5r 1763-2013<\/a><\/li>\n<li><a href=\"http:\/\/timemapper.okfnlabs.org\/oddmundh\/timemapper-prestar-i-jostedalenxlsx\">Prestar i Jostedalen 1600-1965<\/a><\/li>\n<li><a href=\"http:\/\/timemapper.okfnlabs.org\/oddmundh\/naudstiltak-i-jostedalen-1742-1743\">Naudstiltak i Jostedalen 1742-43<\/a> \u2013 merk: her er det rot med dateringa av nokre dokument<\/li>\n<li><a href=\"http:\/\/timemapper.okfnlabs.org\/oddmundh\/telefonutbygginga-i-jostedalen\">Telefonutbygginga i Jostedalen<\/a><\/li>\n<li><a href=\"http:\/\/timemapper.okfnlabs.org\/oddmundh\/theodor-julius-brresen\">Sokneprest Julius B\u00f8rresen<\/a> \u2013 d\u00f8me p\u00e5 biografisk tidsline<\/li>\n<\/ul>\n<p><strong>Laga med StoryMap<\/strong><\/p>\n<p>Verkty med geografisk organisering av informasjonen, sj\u00e5 <a href=\"https:\/\/storymap.knightlab.com\/\">StoryMap<\/a>. Eigne d\u00f8me:<\/p>\n<ul>\n<li><a href=\"http:\/\/www.krundalen.no\/blogg\/?page_id=1357\">Fylkeshistoria \u00e5r for \u00e5r<\/a><\/li>\n<\/ul>\n<p>&nbsp;<\/p>\n","protected":false},"excerpt":{"rendered":"<p>Arbeidssider for utpr\u00f8ving av tidlineverkty. Laga med TimelineJS Verkty for tidsliner (open kjeldekode), sj\u00e5 TimelineJS. Eigne d\u00f8me: Fylkeshistoria \u00e5r for \u00e5r Krisa i Jostedalen 1742-43 Telefonutbygginga i Jostedalen Laga med TimeMapper Verkty som koplar tidsline og kart (open kjeldekode), sj\u00e5 &hellip; <a href=\"https:\/\/www.krundalen.no\/blogg\/tekstar\/tidsliner-provesider\/\">Les meir <span class=\"meta-nav\">&rarr;<\/span><\/a><\/p>\n","protected":false},"author":2,"featured_media":0,"parent":30,"menu_order":0,"comment_status":"closed","ping_status":"closed","template":"","meta":{"_acf_changed":false,"footnotes":""},"class_list":["post-1338","page","type-page","status-publish","hentry"],"acf":[],"_links":{"self":[{"href":"https:\/\/www.krundalen.no\/blogg\/wp-json\/wp\/v2\/pages\/1338"}],"collection":[{"href":"https:\/\/www.krundalen.no\/blogg\/wp-json\/wp\/v2\/pages"}],"about":[{"href":"https:\/\/www.krundalen.no\/blogg\/wp-json\/wp\/v2\/types\/page"}],"author":[{"embeddable":true,"href":"https:\/\/www.krundalen.no\/blogg\/wp-json\/wp\/v2\/users\/2"}],"replies":[{"embeddable":true,"href":"https:\/\/www.krundalen.no\/blogg\/wp-json\/wp\/v2\/comments?post=1338"}],"version-history":[{"count":8,"href":"https:\/\/www.krundalen.no\/blogg\/wp-json\/wp\/v2\/pages\/1338\/revisions"}],"predecessor-version":[{"id":1361,"href":"https:\/\/www.krundalen.no\/blogg\/wp-json\/wp\/v2\/pages\/1338\/revisions\/1361"}],"up":[{"embeddable":true,"href":"https:\/\/www.krundalen.no\/blogg\/wp-json\/wp\/v2\/pages\/30"}],"wp:attachment":[{"href":"https:\/\/www.krundalen.no\/blogg\/wp-json\/wp\/v2\/media?parent=1338"}],"curies":[{"name":"wp","href":"https:\/\/api.w.org\/{rel}","templated":true}]}}