{"id":1430,"date":"2017-04-07T19:38:39","date_gmt":"2017-04-07T17:38:39","guid":{"rendered":"http:\/\/www.krundalen.no\/blogg\/?page_id=1430"},"modified":"2017-04-07T19:46:25","modified_gmt":"2017-04-07T17:46:25","slug":"maalkassa-bokartikkel-2017","status":"publish","type":"page","link":"https:\/\/www.krundalen.no\/blogg\/tekstar\/b%c3%b8ker\/maalkassa-bokartikkel-2017\/","title":{"rendered":"Maalkassa (bokartikkel 2017)"},"content":{"rendered":"<p><a href=\"http:\/\/www.krundalen.no\/blogg\/wp-content\/uploads\/2017\/04\/Sider-fra-HOEL.jpg\"><img loading=\"lazy\" decoding=\"async\" class=\"alignleft size-thumbnail wp-image-1432\" src=\"http:\/\/www.krundalen.no\/blogg\/wp-content\/uploads\/2017\/04\/Sider-fra-HOEL-150x212.jpg\" alt=\"\" width=\"150\" height=\"212\" srcset=\"https:\/\/www.krundalen.no\/blogg\/wp-content\/uploads\/2017\/04\/Sider-fra-HOEL-150x212.jpg 150w, https:\/\/www.krundalen.no\/blogg\/wp-content\/uploads\/2017\/04\/Sider-fra-HOEL-300x423.jpg 300w, https:\/\/www.krundalen.no\/blogg\/wp-content\/uploads\/2017\/04\/Sider-fra-HOEL-768x1084.jpg 768w, https:\/\/www.krundalen.no\/blogg\/wp-content\/uploads\/2017\/04\/Sider-fra-HOEL-1024x1445.jpg 1024w, https:\/\/www.krundalen.no\/blogg\/wp-content\/uploads\/2017\/04\/Sider-fra-HOEL.jpg 1339w\" sizes=\"(max-width: 150px) 100vw, 150px\" \/><\/a>Hoel, Oddmund L. (2017). Maalkassa \u2013 landslaget for m\u00e5lsaka f\u00f8r Noregs M\u00e5llag. I Knut E. Karlsen, m.fl. (red.), <em>I teneste for nynorsken. Heidersskrift til Olaf Almenningen 70 \u00e5r<\/em> (s. 97\u2013119). Oslo: Novus.<\/p>\n<p>Fr\u00e5 1895 til ca 1910 fanst nynorskorganisasjonen &laquo;Maalkassa&raquo;, som vart skipa av milj\u00f8et kring nynorskavisa &laquo;Den 17de Mai&raquo; i Kristiania. Laget skulle prim\u00e6rt samla inn pengar til m\u00e5larbeidet og arbeida praktisk for m\u00e5lsaka. Den st\u00f8rste suksessen til laget var M\u00e5lmarknaden i Kristiania i 1898, som skapte eit stort overskot. Laget var elles involvert i agitasjonsverksemd, fors\u00f8ka p\u00e5 \u00e5 etablera eit landsm\u00e5lsteater, skipinga av Norsk m\u00e5lkontor (1900) og utgjeving av Norsk barneblad og annan barnelesnad. Maalkassa og Det Norske Samlaget skipa i 1906 til m\u00e5lmannsstemna der Noregs M\u00e5llag vart skipa, og laget fungerte langt p\u00e5 veg som landsorgansiasjon for m\u00e5lsaka f\u00f8r Noregs M\u00e5llag. Maalkassa er lite omtala i litteraturen om m\u00e5lr\u00f8rsla, og arkivet er tapt. Denne artikkelen fortel historia til Maalkassa p\u00e5 grunnlag av kjeldetilfanget det har vore mogleg \u00e5 leita fram.<\/p>\n<p>Ei kortare omtale av Maalkassa finst i <a href=\"http:\/\/www.krundalen.no\/blogg\/?page_id=789\">M\u00e5l og modernisering 1868\u20131940<\/a> (2011), s. 40\u201344 og 88\u201390. Sj\u00e5 elles referansar i artikkelen til annan litteratur der Maalkassa er nemnd.<\/p>\n","protected":false},"excerpt":{"rendered":"<p>Hoel, Oddmund L. (2017). Maalkassa \u2013 landslaget for m\u00e5lsaka f\u00f8r Noregs M\u00e5llag. I Knut E. Karlsen, m.fl. (red.), I teneste for nynorsken. Heidersskrift til Olaf Almenningen 70 \u00e5r (s. 97\u2013119). Oslo: Novus. Fr\u00e5 1895 til ca 1910 fanst nynorskorganisasjonen &laquo;Maalkassa&raquo;, &hellip; <a href=\"https:\/\/www.krundalen.no\/blogg\/tekstar\/b%c3%b8ker\/maalkassa-bokartikkel-2017\/\">Les meir <span class=\"meta-nav\">&rarr;<\/span><\/a><\/p>\n","protected":false},"author":2,"featured_media":0,"parent":108,"menu_order":0,"comment_status":"closed","ping_status":"closed","template":"","meta":{"_acf_changed":false,"footnotes":""},"class_list":["post-1430","page","type-page","status-publish","hentry"],"acf":[],"_links":{"self":[{"href":"https:\/\/www.krundalen.no\/blogg\/wp-json\/wp\/v2\/pages\/1430"}],"collection":[{"href":"https:\/\/www.krundalen.no\/blogg\/wp-json\/wp\/v2\/pages"}],"about":[{"href":"https:\/\/www.krundalen.no\/blogg\/wp-json\/wp\/v2\/types\/page"}],"author":[{"embeddable":true,"href":"https:\/\/www.krundalen.no\/blogg\/wp-json\/wp\/v2\/users\/2"}],"replies":[{"embeddable":true,"href":"https:\/\/www.krundalen.no\/blogg\/wp-json\/wp\/v2\/comments?post=1430"}],"version-history":[{"count":3,"href":"https:\/\/www.krundalen.no\/blogg\/wp-json\/wp\/v2\/pages\/1430\/revisions"}],"predecessor-version":[{"id":1434,"href":"https:\/\/www.krundalen.no\/blogg\/wp-json\/wp\/v2\/pages\/1430\/revisions\/1434"}],"up":[{"embeddable":true,"href":"https:\/\/www.krundalen.no\/blogg\/wp-json\/wp\/v2\/pages\/108"}],"wp:attachment":[{"href":"https:\/\/www.krundalen.no\/blogg\/wp-json\/wp\/v2\/media?parent=1430"}],"curies":[{"name":"wp","href":"https:\/\/api.w.org\/{rel}","templated":true}]}}