{"id":148,"date":"2007-05-08T12:43:39","date_gmt":"2007-05-08T10:43:39","guid":{"rendered":"http:\/\/www.krundalen.no\/blogg\/?page_id=148"},"modified":"2007-05-08T12:43:39","modified_gmt":"2007-05-08T10:43:39","slug":"fra-r%c3%b8rsle-til-sprak-%e2%80%93-norsk-malreising-1885-1950-f%c3%b8redrag-2005","status":"publish","type":"page","link":"https:\/\/www.krundalen.no\/blogg\/tekstar\/upubliserte-faglege-arbeid\/fra-r%c3%b8rsle-til-sprak-%e2%80%93-norsk-malreising-1885-1950-f%c3%b8redrag-2005\/","title":{"rendered":"Fr\u00e5 r\u00f8rsle til spr\u00e5k \u2013 norsk m\u00e5lreising 1885-1950 (f\u00f8redrag 2005)"},"content":{"rendered":"<p>Hoel, Oddmund L. (2005). <em>Fr\u00e5 r\u00f8rsle til spr\u00e5k &#8211; norsk m\u00e5lreising 1885-1950. <\/em>Uprenta f\u00f8redrag p\u00e5 HALVOPE: Det opne spr\u00e5ket ved halvvegen, konferanse ved H\u00f8gskulen i Volda, 18.2.2005.<\/p>\n<p><img decoding=\"async\" src=\"http:\/\/www.krundalen.no\/blogg\/wp-content\/uploads\/2007\/04\/pdf.gif\" alt=\"Pdf-ikon\" \/>\u00a0<a href=\"http:\/\/www.krundalen.no\/blogg\/wp-content\/uploads\/2007\/05\/2005-halvope.pdf\" title=\"2005-halvope.pdf\">fulltekst<\/a> (pdf)<\/p>\n","protected":false},"excerpt":{"rendered":"<p>Hoel, Oddmund L. (2005). Fr\u00e5 r\u00f8rsle til spr\u00e5k &#8211; norsk m\u00e5lreising 1885-1950. Uprenta f\u00f8redrag p\u00e5 HALVOPE: Det opne spr\u00e5ket ved halvvegen, konferanse ved H\u00f8gskulen i Volda, 18.2.2005. \u00a0fulltekst (pdf)<\/p>\n","protected":false},"author":2,"featured_media":0,"parent":110,"menu_order":14,"comment_status":"open","ping_status":"open","template":"","meta":{"_acf_changed":false,"footnotes":""},"class_list":["post-148","page","type-page","status-publish","hentry"],"acf":[],"_links":{"self":[{"href":"https:\/\/www.krundalen.no\/blogg\/wp-json\/wp\/v2\/pages\/148"}],"collection":[{"href":"https:\/\/www.krundalen.no\/blogg\/wp-json\/wp\/v2\/pages"}],"about":[{"href":"https:\/\/www.krundalen.no\/blogg\/wp-json\/wp\/v2\/types\/page"}],"author":[{"embeddable":true,"href":"https:\/\/www.krundalen.no\/blogg\/wp-json\/wp\/v2\/users\/2"}],"replies":[{"embeddable":true,"href":"https:\/\/www.krundalen.no\/blogg\/wp-json\/wp\/v2\/comments?post=148"}],"version-history":[{"count":0,"href":"https:\/\/www.krundalen.no\/blogg\/wp-json\/wp\/v2\/pages\/148\/revisions"}],"up":[{"embeddable":true,"href":"https:\/\/www.krundalen.no\/blogg\/wp-json\/wp\/v2\/pages\/110"}],"wp:attachment":[{"href":"https:\/\/www.krundalen.no\/blogg\/wp-json\/wp\/v2\/media?parent=148"}],"curies":[{"name":"wp","href":"https:\/\/api.w.org\/{rel}","templated":true}]}}