{"id":151,"date":"2007-05-08T22:54:28","date_gmt":"2007-05-08T20:54:28","guid":{"rendered":"http:\/\/www.krundalen.no\/blogg\/?page_id=151"},"modified":"2007-05-08T22:55:13","modified_gmt":"2007-05-08T20:55:13","slug":"ordtilfanget-og-malr%c3%b8rsla-bokartikkel-1998","status":"publish","type":"page","link":"https:\/\/www.krundalen.no\/blogg\/tekstar\/5-malpolitiske-artiklar\/ordtilfanget-og-malr%c3%b8rsla-bokartikkel-1998\/","title":{"rendered":"Ordtilfanget og m\u00e5lr\u00f8rsla (bokartikkel 1998)"},"content":{"rendered":"<p><a href=\"http:\/\/www.krundalen.no\/blogg\/wp-content\/uploads\/2007\/05\/sprakrad.jpg\" title=\"sprakrad.jpg\"><img decoding=\"async\" align=\"right\" src=\"http:\/\/www.krundalen.no\/blogg\/wp-content\/uploads\/2007\/05\/sprakrad.forhaandsvisning.jpg\" alt=\"sprakrad.jpg\" title=\"sprakrad.jpg\" \/><\/a>Hoel, Oddmund L. (1998). Ordtilfanget og m\u00e5lr\u00f8rsla. I Jan Terje Faarlund (red.), <em>Ordtilfanget i nynorsk. Synsm\u00e5tar og r\u00f8ynsler.<\/em> Norsk spr\u00e5kr\u00e5ds skrifter, 5 (s. 75-83). Oslo: Norsk spr\u00e5kr\u00e5d.<\/p>\n<p><a href=\"http:\/\/ask.bibsys.no\/ask\/action\/show?pid=990073343&amp;kid=biblio\">Bibsys-oppf\u00f8ring<\/a><\/p>\n<p><img decoding=\"async\" src=\"http:\/\/www.krundalen.no\/blogg\/wp-content\/uploads\/2007\/04\/pdf.gif\" alt=\"Pdf-ikon\" \/>\u00a0<a href=\"http:\/\/www.krundalen.no\/blogg\/wp-content\/uploads\/2007\/05\/1998_ordtilfang.pdf\" title=\"1998_ordtilfang.pdf\">fulltekst<\/a> (pdf)<\/p>\n","protected":false},"excerpt":{"rendered":"<p>Hoel, Oddmund L. (1998). Ordtilfanget og m\u00e5lr\u00f8rsla. I Jan Terje Faarlund (red.), Ordtilfanget i nynorsk. Synsm\u00e5tar og r\u00f8ynsler. Norsk spr\u00e5kr\u00e5ds skrifter, 5 (s. 75-83). Oslo: Norsk spr\u00e5kr\u00e5d. Bibsys-oppf\u00f8ring \u00a0fulltekst (pdf)<\/p>\n","protected":false},"author":2,"featured_media":0,"parent":126,"menu_order":21,"comment_status":"open","ping_status":"open","template":"","meta":{"_acf_changed":false,"footnotes":""},"class_list":["post-151","page","type-page","status-publish","hentry"],"acf":[],"_links":{"self":[{"href":"https:\/\/www.krundalen.no\/blogg\/wp-json\/wp\/v2\/pages\/151"}],"collection":[{"href":"https:\/\/www.krundalen.no\/blogg\/wp-json\/wp\/v2\/pages"}],"about":[{"href":"https:\/\/www.krundalen.no\/blogg\/wp-json\/wp\/v2\/types\/page"}],"author":[{"embeddable":true,"href":"https:\/\/www.krundalen.no\/blogg\/wp-json\/wp\/v2\/users\/2"}],"replies":[{"embeddable":true,"href":"https:\/\/www.krundalen.no\/blogg\/wp-json\/wp\/v2\/comments?post=151"}],"version-history":[{"count":0,"href":"https:\/\/www.krundalen.no\/blogg\/wp-json\/wp\/v2\/pages\/151\/revisions"}],"up":[{"embeddable":true,"href":"https:\/\/www.krundalen.no\/blogg\/wp-json\/wp\/v2\/pages\/126"}],"wp:attachment":[{"href":"https:\/\/www.krundalen.no\/blogg\/wp-json\/wp\/v2\/media?parent=151"}],"curies":[{"name":"wp","href":"https:\/\/api.w.org\/{rel}","templated":true}]}}