{"id":160,"date":"2007-05-16T09:35:00","date_gmt":"2007-05-16T07:35:00","guid":{"rendered":"http:\/\/www.krundalen.no\/blogg\/?page_id=160"},"modified":"2009-10-18T11:03:27","modified_gmt":"2009-10-18T09:03:27","slug":"6-kjelder-og-andre-tekstar","status":"publish","type":"page","link":"https:\/\/www.krundalen.no\/blogg\/tekstar\/6-kjelder-og-andre-tekstar\/","title":{"rendered":"6 Kjelder og andre tekstar"},"content":{"rendered":"<p>Eg har lagt ut ei rad kjelder om soga til Jostedalen p\u00e5 <a href=\"http:\/\/www.historielaget.jostedal.no\/\">nettstaden til Jostedal historielag<\/a>.<\/p>\n<p><strong>\u00c5rsmeldingar for Noregs M\u00e5llag 1906-1918<\/strong><\/p>\n<p><a title=\"nm_1914-16.jpg\" href=\"http:\/\/www.krundalen.no\/blogg\/wp-content\/uploads\/2007\/05\/nm_1914-16.jpg\"><img decoding=\"async\" title=\"nm_1914-16.jpg\" src=\"http:\/\/www.krundalen.no\/blogg\/wp-content\/uploads\/2007\/05\/nm_1914-16.forhaandsvisning.jpg\" alt=\"nm_1914-16.jpg\" align=\"right\" \/><\/a>Fr\u00e5 skipinga i 1906 og fram til 1918 vart \u00e5rsmeldingar, \u00e5rsm\u00f8terefererat, rekneskap og andre sentrale organisasjonsdokument samla i fire prenta hefte. Dette er dei viktigaste kjeldene til historia til samskipnaden i den viktige oppbyggingsfasen i ti\u00e5ret etter skipinga. Her kan dei lastast ned som pdf-dokument. Dokumenta er OCR-lesne slik at ein kan s\u00f8kja i dei, men dei er ikkje korrekturlesne.<\/p>\n<p><a href=\"http:\/\/www.krundalen.no\/blogg\/?page_id=162\">Norigs maallag 1906-14 <\/a>(1915)<br \/>\n<a href=\"http:\/\/www.krundalen.no\/blogg\/?page_id=163\">Norigs maallag 1914-16 <\/a>(1917)<br \/>\n<a href=\"http:\/\/www.krundalen.no\/blogg\/?page_id=165\">Norigs maallag. Aarsmelding\u00a01917 <\/a>(1918)<br \/>\n<a href=\"http:\/\/www.krundalen.no\/blogg\/?page_id=167\">Norigs maallag. Aarsmelding 1918 <\/a>(1919)<\/p>\n","protected":false},"excerpt":{"rendered":"<p>Eg har lagt ut ei rad kjelder om soga til Jostedalen p\u00e5 nettstaden til Jostedal historielag. \u00c5rsmeldingar for Noregs M\u00e5llag 1906-1918 Fr\u00e5 skipinga i 1906 og fram til 1918 vart \u00e5rsmeldingar, \u00e5rsm\u00f8terefererat, rekneskap og andre sentrale organisasjonsdokument samla i fire &hellip; <a href=\"https:\/\/www.krundalen.no\/blogg\/tekstar\/6-kjelder-og-andre-tekstar\/\">Les meir <span class=\"meta-nav\">&rarr;<\/span><\/a><\/p>\n","protected":false},"author":2,"featured_media":0,"parent":30,"menu_order":6,"comment_status":"open","ping_status":"open","template":"","meta":{"_acf_changed":false,"footnotes":""},"class_list":["post-160","page","type-page","status-publish","hentry"],"acf":[],"_links":{"self":[{"href":"https:\/\/www.krundalen.no\/blogg\/wp-json\/wp\/v2\/pages\/160"}],"collection":[{"href":"https:\/\/www.krundalen.no\/blogg\/wp-json\/wp\/v2\/pages"}],"about":[{"href":"https:\/\/www.krundalen.no\/blogg\/wp-json\/wp\/v2\/types\/page"}],"author":[{"embeddable":true,"href":"https:\/\/www.krundalen.no\/blogg\/wp-json\/wp\/v2\/users\/2"}],"replies":[{"embeddable":true,"href":"https:\/\/www.krundalen.no\/blogg\/wp-json\/wp\/v2\/comments?post=160"}],"version-history":[{"count":2,"href":"https:\/\/www.krundalen.no\/blogg\/wp-json\/wp\/v2\/pages\/160\/revisions"}],"predecessor-version":[{"id":559,"href":"https:\/\/www.krundalen.no\/blogg\/wp-json\/wp\/v2\/pages\/160\/revisions\/559"}],"up":[{"embeddable":true,"href":"https:\/\/www.krundalen.no\/blogg\/wp-json\/wp\/v2\/pages\/30"}],"wp:attachment":[{"href":"https:\/\/www.krundalen.no\/blogg\/wp-json\/wp\/v2\/media?parent=160"}],"curies":[{"name":"wp","href":"https:\/\/api.w.org\/{rel}","templated":true}]}}