{"id":1601,"date":"2021-03-06T22:25:37","date_gmt":"2021-03-06T20:25:37","guid":{"rendered":"http:\/\/www.krundalen.no\/blogg\/?page_id=1601"},"modified":"2021-07-29T17:35:57","modified_gmt":"2021-07-29T15:35:57","slug":"digitalisert-smalfilm-ca-1959-1986","status":"publish","type":"page","link":"https:\/\/www.krundalen.no\/blogg\/om\/digitalisert-smalfilm-ca-1959-1986\/","title":{"rendered":"Digitalisert smalfilm (ca 1959-1986)"},"content":{"rendered":"<p>Smalfilmane (dobbel 8 og super 8) som Oddmund Hoel og \u00d8yvind Hoel tok fr\u00e5 slutten av 1950-\u00e5ra til midten av 1980-\u00e5ra, er delvis digitaliserte. Dei digitaliserte filmane ligg p\u00e5 YouTube, men ein m\u00e5 ha lenkja for \u00e5 finne filmane. Liste over filmane med lenkjer f\u00f8lgjer nedanfor.<\/p>\n<p>Dei nyaste filmane (nr. 06-20) vart skanna profesjonelt for mange \u00e5r sidan, truleg kring 2005. Oppl\u00f8ysing og kvalitet er ikkje s\u00e6rleg god, men fram til dei er skanna p\u00e5 nytt, ligg dei gamle digitaliserte utg\u00e5vene ute. Filmar utan aktive lenkjer er f\u00f8rebels ikkje digitaliserte\/publiserte.<\/p>\n<p><a href=\"https:\/\/flic.kr\/s\/aHsmWijA6G\">Fotodokumentasjon av alle filmrullar<\/a> (Flickr)<\/p>\n<h2>Filmar av \u00d8yvind (1960-1986)<\/h2>\n<p><em>Originalformat: dobbel 8<\/em><\/p>\n<p>Nr. 1 &#8211; 1960: Lahaugmoen &#8211; Oppdal &#8211; Oslo &#8211; Horten &#8211; Dovrefjell<\/p>\n<p>Nr. 2 &#8211; 1961-63: Oppdal &#8211; Oslo<\/p>\n<p>Nr. 3 &#8211; 1962-63: UNEF, Midt-Austen<\/p>\n<p>Nr. 4 &#8211; 1962-63: UNEF, Midt-Austen<\/p>\n<p>Nr. 5 &#8211; 1964-65: London &#8211; Oslo<\/p>\n<p>Nr. 6 &#8211; <a href=\"https:\/\/youtu.be\/gF1Cl6D8nds\">1966: Oslo &#8211; Oppdal &#8211; Leveld &#8211; Drammen<\/a>\u00a0(13:35 minutt)<\/p>\n<p>Nr. 7 &#8211; <a href=\"https:\/\/youtu.be\/ZrdGumGuds8\">1967-68: Leveld &#8211; Gjes\u00e5sen &#8211; Trondheim<\/a>\u00a0(6:35 minutt) [<em>gamal digitalisering<\/em>]<\/p>\n<p>Nr. 8 &#8211;\u00a0<a href=\"https:\/\/youtu.be\/YoaIO139tYI\">1968-70 (ca): Trondheim &#8211; Leveld &#8211; Oppdal &#8211; \u00d8stersund<\/a>\u00a0(12:17 minutt) [<em>gamal digitalisering<\/em>]<\/p>\n<p>Nr. 9 &#8211; <a href=\"https:\/\/youtu.be\/hHiEUWnUUsY\">1974-76: \u00c5l &#8211; Oppdal &#8211; Trondheim<\/a> (15:10 minutt) [<em>gamal digitalisering<\/em>]<\/p>\n<p>Nr. 10 &#8211; <a href=\"https:\/\/youtu.be\/qknMNFjYQCE\">1975: L\u00f8kensgardrennet, Leveld<\/a>\u00a0(3:34 minutt) [<em>gamal digitalisering<\/em>]<\/p>\n<p><em>Originalformat: super 8<\/em><\/p>\n<p>Nr. 11 &#8211; <a href=\"https:\/\/youtu.be\/9GmAtZiZkT4\">1973-77: Oppdal &#8211; Trondheim<\/a>\u00a0(11:01 minutt)<\/p>\n<p>Nr. 12 &#8211; <a href=\"https:\/\/youtu.be\/BG72Hw1UTzU\">1977: L\u00f8kensgardrennet, Leveld<\/a>\u00a0(10:22 minutt)<\/p>\n<p>Nr. 13 &#8211; <a href=\"https:\/\/youtu.be\/Va9ktC5VZSM\">1978: Oppdal &#8211; Trondheim &#8211; Tj\u00f8me &#8211; \u00c5l<\/a>\u00a0(13:20 minutt)<\/p>\n<p>Nr. 14 &#8211; <a href=\"https:\/\/youtu.be\/9H8RzlL1_RQ\">1979-80: Mer\u00e5ker &#8211; Trondheim &#8211; Oppdal<\/a>\u00a0(9:43 minutt)<\/p>\n<p>Nr. 15 &#8211; <a href=\"https:\/\/youtu.be\/degRph0unLU\">1979: L\u00f8kensgardrennet, \u00c5l<\/a>\u00a0(6:21 minutt)<\/p>\n<p>Nr. 16 &#8211; <a href=\"https:\/\/youtu.be\/bA6I5zVDxiI\">1979: Fr\u00f8ya &#8211; \u00c5l &#8211; Golsfjellet &#8211; Oppdal &#8211; Trondheim<\/a>\u00a0(12:32 minutt)<\/p>\n<p>Nr. 17 &#8211; <a href=\"https:\/\/youtu.be\/O2hTh_QMmP4\">1980: L\u00f8kensgardrennet, \u00c5l<\/a>\u00a0 (10:34 minutt)<\/p>\n<p>Nr. 18 &#8211; <a href=\"https:\/\/youtu.be\/S2jPkEMFbTw\">1979-83: Oppdal &#8211; Trondheim &#8211; Tautra &#8211; Oslo &#8211; Mj\u00f8lfjell &#8211; Leveld &#8211; Golsfjellet<\/a>\u00a0(20:20 minutt)<\/p>\n<p>Nr. 19 &#8211; <a href=\"https:\/\/youtu.be\/F5XycsQVhCc\">1981: L\u00f8kensgardrennet, \u00c5l<\/a>\u00a0(5:45 minutt)<\/p>\n<p>Nr. 20 &#8211; <a href=\"https:\/\/youtu.be\/KzIzybiWzg0\">Bindalen (1980), Hemsedal (1986)<\/a>\u00a0(9:34 minutt)<\/p>\n<p>&nbsp;<\/p>\n<h2>Filmar av Oddmund (ca 1959-ca 1975)<\/h2>\n<p><em>Originalformat: dobbel 8. Dei fleste opplysningar etter lappar som Oddmund hadde lagt i filmboksane. Nr. 21-29 teke vare p\u00e5 av \u00d8yvind.<\/em><\/p>\n<p>Nr. 21 &#8211; <a href=\"https:\/\/youtu.be\/BytPmuINd1Q\">Ca 1959: Katedralskolen (Harald m.fl.) &#8211; Jula 1959 p\u00e5 Ospe &#8211; Skirenn<\/a> (5:32 minutt)<\/p>\n<p>Nr. 22 &#8211; Ca 1960?: Flytur til Vads\u00f8 &#8211; motortorpedob\u00e5tar &#8211; Kong Olav p\u00e5 Sj\u00f8krigsskolen &#8211; Storlidalen<\/p>\n<p>Nr. 23 &#8211; 1960: FNs generalforsamling<\/p>\n<p>Nr. 24 &#8211; 1960-\u00e5ra: &laquo;Oppsop&raquo; &#8211; Haralds russetid &#8211; Italia-tur &#8211; Nils Hoel, Bonesmo &#8211; Ragna Hoels\u00e6ter &#8211; Sigurd og sauene hans &#8211; Storlidalen &#8211; 17. mai i Oslo, Eidsvoll &#8211; Reinsjakt &#8211; Stolheis &#8211; Dr. Nissens begravelse &#8211; Simon Reinen &#8211; vinter i Oppdal<\/p>\n<p>Nr. 25 &#8211; Ca 1962: Oppsop II&raquo; &#8211; NM Molde 1962 &#8211; Stortinget &#8211; P. Dybwad &#8211; Bestemor<\/p>\n<p>Nr. 26 &#8211; <a href=\"https:\/\/youtu.be\/1EOt-4bZzXg\">1962: Italiaturen<\/a>\u00a0(Tyskland &#8211; Alpane &#8211; Italia &#8211; Frankrike &#8211; England)<\/p>\n<p>Nr. 27 &#8211; &laquo;Lett blanding&raquo; &#8211; Gammel-Aun-s\u00f8sken &#8211; Eli &#8211; \u00d8-ene &#8211; Olaf og Nils Hoel &#8211; Ingeborg &#8211; Olaf og Narve Hoel &#8211; Folo &#8211; Besta &#8211; 17. mai Ospe &#8211; kaffe p\u00e5 plenen<\/p>\n<p>Nr. 28 &#8211; Lensmannen &#8211; Canari\u00f8yene<\/p>\n<p>Nr. 29 &#8211; P\u00e5 hytta &#8211; \u00d8rret-fiske &#8211; Mor maler &#8211; Max &#8211; Molte-tur &#8211; Magda, Narve, Eli<\/p>\n<p>&nbsp;<\/p>\n<p><em>Nr. 30-37 teke vare p\u00e5 av Harald.<\/em><\/p>\n<p>Nr. 30 &#8211; <a href=\"https:\/\/youtu.be\/f6I0I5w9maM\">1960\/62\/74: Ymse Oppdal, Italia, England<\/a> (9:28 minutt)<\/p>\n<p>Nr. 31<\/p>\n<p>Nr. 32<\/p>\n<p>Nr. 33 &#8211; <a href=\"https:\/\/youtu.be\/djW49EyFZh8\">1960-\u00e5ra: Kanari\u00f8yane og kommuneval<\/a>\u00a0(1:53 minutt)<\/p>\n<p>Nr. 34 &#8211; <a href=\"https:\/\/youtu.be\/e-4SCizfe44\">1975: T\u00f8nsberg &#8211; Oppdal (Ragnhild)<\/a> (2:47 minutt)<\/p>\n<p>Nr. 35 &#8211; <a href=\"https:\/\/youtu.be\/P0g8SWUOHWY\">Ca 1960: Naustbygging p\u00e5 Nausthaugen, Storlidalen<\/a> (4:44 minutt)<\/p>\n<p>Nr. 36 &#8211; <a href=\"https:\/\/youtu.be\/J2q2sVUQ7D8\">Ca 1974: Bygging av kraftverk p\u00e5 Fossan<\/a> (56 sekund)<\/p>\n<p>Nr. 37 &#8211; <a href=\"https:\/\/youtu.be\/qpmVGHTD52c\">Ca 1966: Harald p\u00e5 Bardufoss<\/a> (1:38 minutt)<\/p>\n<p>Nr. 38 &#8211; <a href=\"https:\/\/youtu.be\/zaCyV7jabec\">1960- og 70-\u00e5ra: fleire sm\u00e5 klipp fr\u00e5 Nausthaugen<\/a> (1:40 minutt)<\/p>\n","protected":false},"excerpt":{"rendered":"<p>Smalfilmane (dobbel 8 og super 8) som Oddmund Hoel og \u00d8yvind Hoel tok fr\u00e5 slutten av 1950-\u00e5ra til midten av 1980-\u00e5ra, er delvis digitaliserte. Dei digitaliserte filmane ligg p\u00e5 YouTube, men ein m\u00e5 ha lenkja for \u00e5 finne filmane. Liste &hellip; <a href=\"https:\/\/www.krundalen.no\/blogg\/om\/digitalisert-smalfilm-ca-1959-1986\/\">Les meir <span class=\"meta-nav\">&rarr;<\/span><\/a><\/p>\n","protected":false},"author":2,"featured_media":0,"parent":2,"menu_order":0,"comment_status":"closed","ping_status":"closed","template":"","meta":{"_acf_changed":false,"footnotes":""},"class_list":["post-1601","page","type-page","status-publish","hentry"],"acf":[],"_links":{"self":[{"href":"https:\/\/www.krundalen.no\/blogg\/wp-json\/wp\/v2\/pages\/1601"}],"collection":[{"href":"https:\/\/www.krundalen.no\/blogg\/wp-json\/wp\/v2\/pages"}],"about":[{"href":"https:\/\/www.krundalen.no\/blogg\/wp-json\/wp\/v2\/types\/page"}],"author":[{"embeddable":true,"href":"https:\/\/www.krundalen.no\/blogg\/wp-json\/wp\/v2\/users\/2"}],"replies":[{"embeddable":true,"href":"https:\/\/www.krundalen.no\/blogg\/wp-json\/wp\/v2\/comments?post=1601"}],"version-history":[{"count":44,"href":"https:\/\/www.krundalen.no\/blogg\/wp-json\/wp\/v2\/pages\/1601\/revisions"}],"predecessor-version":[{"id":1651,"href":"https:\/\/www.krundalen.no\/blogg\/wp-json\/wp\/v2\/pages\/1601\/revisions\/1651"}],"up":[{"embeddable":true,"href":"https:\/\/www.krundalen.no\/blogg\/wp-json\/wp\/v2\/pages\/2"}],"wp:attachment":[{"href":"https:\/\/www.krundalen.no\/blogg\/wp-json\/wp\/v2\/media?parent=1601"}],"curies":[{"name":"wp","href":"https:\/\/api.w.org\/{rel}","templated":true}]}}