{"id":167,"date":"2007-05-16T09:58:52","date_gmt":"2007-05-16T07:58:52","guid":{"rendered":"http:\/\/www.krundalen.no\/blogg\/?page_id=167"},"modified":"2007-05-16T09:59:26","modified_gmt":"2007-05-16T07:59:26","slug":"norigs-maallag-aarsmelding-1918-1919","status":"publish","type":"page","link":"https:\/\/www.krundalen.no\/blogg\/tekstar\/6-kjelder-og-andre-tekstar\/norigs-maallag-aarsmelding-1918-1919\/","title":{"rendered":"Norigs maallag. Aarsmelding 1918 (1919)"},"content":{"rendered":"<p><em><a href=\"http:\/\/www.krundalen.no\/blogg\/wp-content\/uploads\/2007\/05\/nm_aarsmelding_1918.jpg\" title=\"nm_aarsmelding_1918.jpg\"><img decoding=\"async\" align=\"right\" src=\"http:\/\/www.krundalen.no\/blogg\/wp-content\/uploads\/2007\/05\/nm_aarsmelding_1918.forhaandsvisning.jpg\" alt=\"nm_aarsmelding_1918.jpg\" title=\"nm_aarsmelding_1918.jpg\" \/><\/a>Norigs maallag. Aarsmelding 1918.<\/em> (1919). Ved skrivaren kaptein Edv. Os. Nidaros: Norigs maallag.<\/p>\n<p><a href=\"http:\/\/www.krundalen.no\/blogg\/wp-content\/uploads\/2007\/05\/nm_1906-1914.jpg\" title=\"nm_1906-1914.jpg\"><img decoding=\"async\" src=\"http:\/\/www.krundalen.no\/blogg\/wp-content\/uploads\/2007\/04\/pdf.gif\" alt=\"Pdf-ikon\" \/><\/a>\u00a0<a href=\"http:\/\/krundalen.no\/tekstar\/NM_aarsmelding_1918.pdf\"><font color=\"#333333\">fulltekst<\/font><\/a> (pdf, 2,1 Mb)<\/p>\n<p><a href=\"http:\/\/nabo.nb.no\/bok?_t=0&amp;_b=sambok&amp;_r=320209514\"><font color=\"#333333\">Sambok-oppf\u00f8ring<\/font><\/a>\u00a0(ikkje i Bibsys)<\/p>\n<p>Innhald: \u00c5rsmelding 1918, om \u00e5rsm\u00f8tet 1919, &laquo;Austlandsk reisning &#8211; norsk samling&raquo; av Sven Moren.<\/p>\n","protected":false},"excerpt":{"rendered":"<p>Norigs maallag. Aarsmelding 1918. (1919). Ved skrivaren kaptein Edv. Os. Nidaros: Norigs maallag. \u00a0fulltekst (pdf, 2,1 Mb) Sambok-oppf\u00f8ring\u00a0(ikkje i Bibsys) Innhald: \u00c5rsmelding 1918, om \u00e5rsm\u00f8tet 1919, &laquo;Austlandsk reisning &#8211; norsk samling&raquo; av Sven Moren.<\/p>\n","protected":false},"author":2,"featured_media":0,"parent":160,"menu_order":4,"comment_status":"open","ping_status":"open","template":"","meta":{"_acf_changed":false,"footnotes":""},"class_list":["post-167","page","type-page","status-publish","hentry"],"acf":[],"_links":{"self":[{"href":"https:\/\/www.krundalen.no\/blogg\/wp-json\/wp\/v2\/pages\/167"}],"collection":[{"href":"https:\/\/www.krundalen.no\/blogg\/wp-json\/wp\/v2\/pages"}],"about":[{"href":"https:\/\/www.krundalen.no\/blogg\/wp-json\/wp\/v2\/types\/page"}],"author":[{"embeddable":true,"href":"https:\/\/www.krundalen.no\/blogg\/wp-json\/wp\/v2\/users\/2"}],"replies":[{"embeddable":true,"href":"https:\/\/www.krundalen.no\/blogg\/wp-json\/wp\/v2\/comments?post=167"}],"version-history":[{"count":0,"href":"https:\/\/www.krundalen.no\/blogg\/wp-json\/wp\/v2\/pages\/167\/revisions"}],"up":[{"embeddable":true,"href":"https:\/\/www.krundalen.no\/blogg\/wp-json\/wp\/v2\/pages\/160"}],"wp:attachment":[{"href":"https:\/\/www.krundalen.no\/blogg\/wp-json\/wp\/v2\/media?parent=167"}],"curies":[{"name":"wp","href":"https:\/\/api.w.org\/{rel}","templated":true}]}}