{"id":184,"date":"2007-06-29T21:27:37","date_gmt":"2007-06-29T19:27:37","guid":{"rendered":"http:\/\/www.krundalen.no\/blogg\/?page_id=184"},"modified":"2025-04-23T17:17:26","modified_gmt":"2025-04-23T15:17:26","slug":"da-nynorsken-kom-til-sogn-glimt-fra-jostedalen-og-l%c3%a6rdal-arbok-for-sogn-2006","status":"publish","type":"page","link":"https:\/\/www.krundalen.no\/blogg\/tekstar\/tidsskriftartiklar-faglege\/da-nynorsken-kom-til-sogn-glimt-fra-jostedalen-og-l%c3%a6rdal-arbok-for-sogn-2006\/","title":{"rendered":"D\u00e5 nynorsken kom til Sogn &#8211; glimt fr\u00e5 Jostedalen og L\u00e6rdal (\u00c5rbok for Sogn 2006)"},"content":{"rendered":"<p>Fretland, Jan Olav og Oddmund L. Hoel. (2006). D\u00e5 nynorsken kom til Sogn &#8211; glimt fr\u00e5 Jostedalen og L\u00e6rdal. <em>\u00c5rbok for Sogn, <\/em>48-56.<\/p>\n<p><img decoding=\"async\" src=\"http:\/\/www.krundalen.no\/blogg\/wp-content\/uploads\/2007\/04\/pdf.gif\" alt=\"Pdf-ikon\" \/>\u00a0<a title=\"2006-aarbok-sogn.pdf\" href=\"http:\/\/www.krundalen.no\/blogg\/wp-content\/uploads\/2007\/06\/2006-aarbok-sogn.pdf\">fulltekst<\/a> (pdf) | <a href=\"https:\/\/urn.nb.no\/URN:NBN:no-nb_digitidsskrift_2018101981218_001\">Fulltekst Nasjonalbiblioteket<\/a><\/p>\n\n\n<p><\/p>\n","protected":false},"excerpt":{"rendered":"<p>Fretland, Jan Olav og Oddmund L. Hoel. (2006). D\u00e5 nynorsken kom til Sogn &#8211; glimt fr\u00e5 Jostedalen og L\u00e6rdal. \u00c5rbok for Sogn, 48-56. \u00a0fulltekst (pdf) | Fulltekst Nasjonalbiblioteket<\/p>\n","protected":false},"author":2,"featured_media":0,"parent":109,"menu_order":7,"comment_status":"open","ping_status":"open","template":"","meta":{"_acf_changed":false,"footnotes":""},"class_list":["post-184","page","type-page","status-publish","hentry"],"acf":[],"_links":{"self":[{"href":"https:\/\/www.krundalen.no\/blogg\/wp-json\/wp\/v2\/pages\/184"}],"collection":[{"href":"https:\/\/www.krundalen.no\/blogg\/wp-json\/wp\/v2\/pages"}],"about":[{"href":"https:\/\/www.krundalen.no\/blogg\/wp-json\/wp\/v2\/types\/page"}],"author":[{"embeddable":true,"href":"https:\/\/www.krundalen.no\/blogg\/wp-json\/wp\/v2\/users\/2"}],"replies":[{"embeddable":true,"href":"https:\/\/www.krundalen.no\/blogg\/wp-json\/wp\/v2\/comments?post=184"}],"version-history":[{"count":1,"href":"https:\/\/www.krundalen.no\/blogg\/wp-json\/wp\/v2\/pages\/184\/revisions"}],"predecessor-version":[{"id":1754,"href":"https:\/\/www.krundalen.no\/blogg\/wp-json\/wp\/v2\/pages\/184\/revisions\/1754"}],"up":[{"embeddable":true,"href":"https:\/\/www.krundalen.no\/blogg\/wp-json\/wp\/v2\/pages\/109"}],"wp:attachment":[{"href":"https:\/\/www.krundalen.no\/blogg\/wp-json\/wp\/v2\/media?parent=184"}],"curies":[{"name":"wp","href":"https:\/\/api.w.org\/{rel}","templated":true}]}}