{"id":240,"date":"2008-07-23T09:37:48","date_gmt":"2008-07-23T08:37:48","guid":{"rendered":"http:\/\/www.krundalen.no\/blogg\/?page_id=240"},"modified":"2016-02-16T00:03:03","modified_gmt":"2016-02-15T22:03:03","slug":"7-doktoravhandling","status":"publish","type":"page","link":"https:\/\/www.krundalen.no\/blogg\/tekstar\/7-doktoravhandling\/","title":{"rendered":"7 Doktoravhandling"},"content":{"rendered":"<p><img loading=\"lazy\" decoding=\"async\" class=\"alignleft wp-image-535\" style=\"border: black 1px solid;\" title=\"omslag-avhandling\" src=\"http:\/\/www.krundalen.no\/blogg\/wp-content\/uploads\/2008\/07\/omslag-avhandling-300x438.jpg\" alt=\"omslag-avhandling\" width=\"218\" height=\"318\" srcset=\"https:\/\/www.krundalen.no\/blogg\/wp-content\/uploads\/2008\/07\/omslag-avhandling-300x438.jpg 300w, https:\/\/www.krundalen.no\/blogg\/wp-content\/uploads\/2008\/07\/omslag-avhandling-150x219.jpg 150w, https:\/\/www.krundalen.no\/blogg\/wp-content\/uploads\/2008\/07\/omslag-avhandling-1024x1495.jpg 1024w, https:\/\/www.krundalen.no\/blogg\/wp-content\/uploads\/2008\/07\/omslag-avhandling.jpg 1445w\" sizes=\"(max-width: 218px) 100vw, 218px\" \/><\/p>\n<p><em><strong>M\u00e5lreising og modernisering i Noreg 1885-1940 <\/strong><\/em><\/p>\n<p>Ph.d.-avhandling, levert ved Noregs teknisk-vitskaplege universitet,\u00a0Det humanistiske fakultetet,\u00a0Institutt for historie og klassiske fag.<\/p>\n<p><strong>Bakgrunn og disputas<br \/>\n<\/strong>Avhandlinga er skriven innanfor prosjektet <a href=\"http:\/\/www.hivolda.no\/index.php?ID=11405\">Det opne spr\u00e5ket<\/a>, som gjekk 2003-07 ved Ivar Aasen-instituttet, H\u00f8gskulen i Volda. Eg var knytt til doktorgradsprogrammet i historie ved NTNU i Trondheim. Rettleiar var professor Ola Svein Stugu (NTNU), medrettleiar var professor Brynjulv Gjerd\u00e5ker (HVO).<\/p>\n<p>Avhandlinga vart levert 27. mars. I vurderingskomiteen (oppnemnd 24. april) sat professorane Torbj\u00f6rn Nilsson (S\u00f6dert\u00f6rns h\u00f6gskola, Sverige), May-Brith Ohman Nielsen (Universitetet i Agder) og Ingar Kaldal (NTNU). <a href=\"http:\/\/www.krundalen.no\/blogg\/wp-content\/uploads\/2008\/07\/innstilling-Hoel-drgrad.pdf\">Innstillinga <\/a>fr\u00e5 komiteen kom 16. september.\u00a0Disputasen var ved NTNU 20. november 2009. Disputasinnlegga er ikkje publiserte, men Nilsson <a href=\"http:\/\/balticworlds.com\/dissertation-review-language-disputes-and-modernization\/?s=hoel\">publiserte i 2010 ein artikkel<\/a> basert p\u00e5 disputasinnlegget og i 2013 ei <a href=\"https:\/\/www.idunn.no\/ht\/2013\/02\/oddmund_loekensgard_hoel_maal_og_modernisering_18681940\">melding av bokutg\u00e5va<\/a>.<\/p>\n<p><strong>Utg\u00e5ver<\/strong><br \/>\nDen prenta utg\u00e5va av avhandlinga kan l\u00e5nast p\u00e5 ein del <a href=\"http:\/\/bibsys-almaprimo.hosted.exlibrisgroup.com\/primo_library\/libweb\/action\/search.do?fn=search&amp;ct=search&amp;initialSearch=true&amp;mode=Basic&amp;tab=default_tab&amp;indx=1&amp;dum=true&amp;srt=rank&amp;vid=BIBSYS&amp;frbg=&amp;vl%28freeText0%29=m%C3%A5lreising+og+modernisering+1885+oddmund+hoel&amp;scp.scps=scope%3A%28BIBSYS_ILS%29%2Cscope%3A%28SC_OPEN_ACCESS%29%2Cscope%3A%28%22BIBSYS%22%29%2Cprimo_central_multiple_fe\">h\u00f8gskule- og universitetsbibliotek<\/a>. Nedanfor finst ei digital utg\u00e5ve av dei delane av avhandlinga som ikkje er med i eller er monaleg endra i bokutg\u00e5va. Ei fullstendig digital utg\u00e5ve av avhandlinga er ikkje publisert.<\/p>\n<p><a href=\"http:\/\/www.krundalen.no\/blogg\/?page_id=789\">Om bokutg\u00e5va<\/a>, lansert\u00a018. februar 2011.<br \/>\n<a href=\"https:\/\/www.cristin.no\/app\/projects\/show.jsf?id=355108\">Prosjektside i Cristin<\/a><\/p>\n<p><strong>Dokument til nedlasting (pdf)<br \/>\n<\/strong><a href=\"http:\/\/www.krundalen.no\/artiklar\/Avhandling_Hoel_utdrag.pdf\">Avhandlinga &#8211; kap. 1-4 og 13 (s. 1-115 og 541-585)<\/a><br \/>\n<a href=\"http:\/\/www.krundalen.no\/blogg\/?page_id=544\">Samandrag<\/a><br \/>\n<a href=\"http:\/\/www.krundalen.no\/blogg\/wp-content\/uploads\/2008\/07\/innstilling-Hoel-drgrad.pdf\">Innstilling fr\u00e5 vurderingskomiteen 16.9.09<\/a><br \/>\n<a href=\"http:\/\/www.krundalen.no\/blogg\/?page_id=590\">Presentasjon av avhandlinga p\u00e5 disputasen 20.11.09<\/a><\/p>\n<p><a href=\"http:\/\/www.krundalen.no\/blogg\/?page_id=601\">M\u00e5l og maskulinitet &#8211; pr\u00f8vef\u00f8relesing til ph.d-graden, 20.11.09\u00a0<\/a><\/p>\n<p>ISBN 978-82-471-1816-0 (trykt utg.)<br \/>\nISBN 978-82-471-1817-7 (elektr. utg.)<br \/>\nISSN 1503-8181<br \/>\nDoktoravhandlingar ved NTNU, 2009:208<\/p>\n<p>&nbsp;<\/p>\n","protected":false},"excerpt":{"rendered":"<p>M\u00e5lreising og modernisering i Noreg 1885-1940 Ph.d.-avhandling, levert ved Noregs teknisk-vitskaplege universitet,\u00a0Det humanistiske fakultetet,\u00a0Institutt for historie og klassiske fag. Bakgrunn og disputas Avhandlinga er skriven innanfor prosjektet Det opne spr\u00e5ket, som gjekk 2003-07 ved Ivar Aasen-instituttet, H\u00f8gskulen i Volda. Eg &hellip; <a href=\"https:\/\/www.krundalen.no\/blogg\/tekstar\/7-doktoravhandling\/\">Les meir <span class=\"meta-nav\">&rarr;<\/span><\/a><\/p>\n","protected":false},"author":2,"featured_media":0,"parent":30,"menu_order":7,"comment_status":"open","ping_status":"closed","template":"","meta":{"_acf_changed":false,"footnotes":""},"class_list":["post-240","page","type-page","status-publish","hentry"],"acf":[],"_links":{"self":[{"href":"https:\/\/www.krundalen.no\/blogg\/wp-json\/wp\/v2\/pages\/240"}],"collection":[{"href":"https:\/\/www.krundalen.no\/blogg\/wp-json\/wp\/v2\/pages"}],"about":[{"href":"https:\/\/www.krundalen.no\/blogg\/wp-json\/wp\/v2\/types\/page"}],"author":[{"embeddable":true,"href":"https:\/\/www.krundalen.no\/blogg\/wp-json\/wp\/v2\/users\/2"}],"replies":[{"embeddable":true,"href":"https:\/\/www.krundalen.no\/blogg\/wp-json\/wp\/v2\/comments?post=240"}],"version-history":[{"count":46,"href":"https:\/\/www.krundalen.no\/blogg\/wp-json\/wp\/v2\/pages\/240\/revisions"}],"predecessor-version":[{"id":1282,"href":"https:\/\/www.krundalen.no\/blogg\/wp-json\/wp\/v2\/pages\/240\/revisions\/1282"}],"up":[{"embeddable":true,"href":"https:\/\/www.krundalen.no\/blogg\/wp-json\/wp\/v2\/pages\/30"}],"wp:attachment":[{"href":"https:\/\/www.krundalen.no\/blogg\/wp-json\/wp\/v2\/media?parent=240"}],"curies":[{"name":"wp","href":"https:\/\/api.w.org\/{rel}","templated":true}]}}