{"id":3,"date":"2007-04-12T10:56:04","date_gmt":"2007-04-12T08:56:04","guid":{"rendered":"http:\/\/www.krundalen.no\/blogg\/?page_id=3"},"modified":"2018-12-01T22:30:07","modified_gmt":"2018-12-01T20:30:07","slug":"krundalen","status":"publish","type":"page","link":"https:\/\/www.krundalen.no\/blogg\/krundalen\/","title":{"rendered":"Krundalen"},"content":{"rendered":"<p><img loading=\"lazy\" decoding=\"async\" style=\"width: 500px;\" title=\"Krundalen fr\u00e5 Nosakollen\" src=\"http:\/\/www.krundalen.no\/blogg\/wp-content\/uploads\/2007\/04\/krundalen.jpg\" alt=\"krundalen.jpg\" width=\"500\" height=\"373\" \/><\/p>\n<p><a href=\"http:\/\/lokalhistoriewiki.no\/index.php\/Krundalen\">&laquo;Krundalen&raquo;, lokalhistoriewiki.no<\/a><\/p>\n<p>Krundalen er eit vakkert sn\u00f8hol som strekkjer seg vestover fr\u00e5 bygdesentrumet Gjerde i Jostedalen, 32 kilometer fr\u00e5 Gaupne som er kommunesentrum i Luster kommune.<\/p>\n<p>Etter at ein har kravla seg opp Haugabakkane fr\u00e5 byggjefeltet p\u00e5 Gjerde, kjem ein til Haugen og Haugamyrane. Herifr\u00e5 og fram til Bergset bur dei kring 50 fastbuande krund\u00f8lene pent og pynteleg p\u00e5 rad og rekkje langs den fem km lange fylkesvegen.<\/p>\n<p>Her skifter dalen namn til Bergsetdalen og held fram tre km til han br\u00e5stoggar i den mektige Bergsetbreen, ein\u00a0av armane til Jostedalsbreen. Klimaendringane eller kva det no kan vera, har fare stygt \u00e5t med Bergsetbreen dei siste \u00e5ra. Men det er framleis nokre kubikk is att frammi der.<\/p>\n<p>P\u00e5 Bretun, som ligg p\u00e5 Sn\u00f8tun 2,5 km fr\u00e5 Gjerde, finn ein <a href=\"http:\/\/www.jostedalen-breforarlag.no\/\">Jostedalen Bref\u00f8rarlag<\/a>. Dei er til hjelp for dei som vil g\u00e5 vidare til Nordfjord n\u00e5r dei har g\u00e5tt Krundalen og Bergsetdalen til endes.<\/p>\n<p>Johannes Flintoe var p\u00e5 Haugen i august 1822,\u00a0og d\u00e5 s\u00e5g det slik ut:<\/p>\n<p><img loading=\"lazy\" decoding=\"async\" style=\"width: 500px;\" title=\"Johannes Flintoe: Krondalen (1834)\" src=\"http:\/\/www.krundalen.no\/blogg\/wp-content\/uploads\/2007\/04\/flintoe-krondal.jpg\" alt=\"flintoe-krondal.jpg\" width=\"500\" height=\"334\" \/><\/p>\n","protected":false},"excerpt":{"rendered":"<p>&laquo;Krundalen&raquo;, lokalhistoriewiki.no Krundalen er eit vakkert sn\u00f8hol som strekkjer seg vestover fr\u00e5 bygdesentrumet Gjerde i Jostedalen, 32 kilometer fr\u00e5 Gaupne som er kommunesentrum i Luster kommune. Etter at ein har kravla seg opp Haugabakkane fr\u00e5 byggjefeltet p\u00e5 Gjerde, kjem ein &hellip; <a href=\"https:\/\/www.krundalen.no\/blogg\/krundalen\/\">Les meir <span class=\"meta-nav\">&rarr;<\/span><\/a><\/p>\n","protected":false},"author":2,"featured_media":0,"parent":0,"menu_order":2,"comment_status":"open","ping_status":"open","template":"","meta":{"_acf_changed":false,"footnotes":""},"class_list":["post-3","page","type-page","status-publish","hentry"],"acf":[],"_links":{"self":[{"href":"https:\/\/www.krundalen.no\/blogg\/wp-json\/wp\/v2\/pages\/3"}],"collection":[{"href":"https:\/\/www.krundalen.no\/blogg\/wp-json\/wp\/v2\/pages"}],"about":[{"href":"https:\/\/www.krundalen.no\/blogg\/wp-json\/wp\/v2\/types\/page"}],"author":[{"embeddable":true,"href":"https:\/\/www.krundalen.no\/blogg\/wp-json\/wp\/v2\/users\/2"}],"replies":[{"embeddable":true,"href":"https:\/\/www.krundalen.no\/blogg\/wp-json\/wp\/v2\/comments?post=3"}],"version-history":[{"count":8,"href":"https:\/\/www.krundalen.no\/blogg\/wp-json\/wp\/v2\/pages\/3\/revisions"}],"predecessor-version":[{"id":1553,"href":"https:\/\/www.krundalen.no\/blogg\/wp-json\/wp\/v2\/pages\/3\/revisions\/1553"}],"wp:attachment":[{"href":"https:\/\/www.krundalen.no\/blogg\/wp-json\/wp\/v2\/media?parent=3"}],"curies":[{"name":"wp","href":"https:\/\/api.w.org\/{rel}","templated":true}]}}