{"id":30,"date":"2007-04-16T13:56:07","date_gmt":"2007-04-16T11:56:07","guid":{"rendered":"http:\/\/www.krundalen.no\/blogg\/?page_id=30"},"modified":"2025-03-10T13:34:29","modified_gmt":"2025-03-10T11:34:29","slug":"tekstar","status":"publish","type":"page","link":"https:\/\/www.krundalen.no\/blogg\/tekstar\/","title":{"rendered":"Tekstar"},"content":{"rendered":"<p><a href=\"http:\/\/www.krundalen.no\/blogg\/wp-content\/uploads\/2011\/02\/omslag-maalogmodernisering.jpg\"><img decoding=\"async\" class=\"alignleft size-thumbnail wp-image-784\" style=\"border: white 5px solid;\" title=\"Omslag M\u00e5l og modernisering 1868-1940\" src=\"http:\/\/www.krundalen.no\/blogg\/wp-content\/uploads\/2011\/02\/omslag-maalogmodernisering-150x203.jpg\" alt=\"Omslag M\u00e5l og modernisering 1868-1940\" width=\"130\" align=\"left\" srcset=\"https:\/\/www.krundalen.no\/blogg\/wp-content\/uploads\/2011\/02\/omslag-maalogmodernisering-150x203.jpg 150w, https:\/\/www.krundalen.no\/blogg\/wp-content\/uploads\/2011\/02\/omslag-maalogmodernisering-300x406.jpg 300w, https:\/\/www.krundalen.no\/blogg\/wp-content\/uploads\/2011\/02\/omslag-maalogmodernisering.jpg 755w\" sizes=\"(max-width: 150px) 100vw, 150px\" \/><\/a>Her ligg tekstar av ulikt slag eg har publisert sidan 1989, hovudsakleg faglege, men \u00f2g nokre m\u00e5lpolitiske. Politiske tekstar fr\u00e5 \u00e5ra som statssekret\u00e6r og statsr\u00e5d (2021-2025) er ikkje med.<\/p>\n<p>Vel kategori i nedtrekksmenyen over (&laquo;Tekstar&raquo;). I kvar kategori finst\u00a0ei publikasjonsliste med peikarar vidare til fulltekstversjonar eller omtaler der det finst.<\/p>\n<p>Andre publikasjonslister\/profilar:<\/p>\n<ul>\n<li><a href=\"https:\/\/bibsys-almaprimo.hosted.exlibrisgroup.com\/primo-explore\/search?query=creator,exact,Oddmund%20Hoel,AND&amp;tab=default_tab&amp;search_scope=default_scope&amp;sortby=rank&amp;vid=BIBSYS&amp;mode=advanced&amp;offset=0\">Oppf\u00f8ringar i Oria<\/a> (b\u00f8ker og artiklar)<\/li>\n<li><a href=\"http:\/\/www.cristin.no\/as\/WebObjects\/cristin.woa\/wa\/personVis?type=PERSON&amp;pnr=35463&amp;la=no&amp;instnr=216\" target=\"_blank\" rel=\"noopener\">Cristin &#8211; forskingsdokumentasjon\/publikasjonsliste<\/a><\/li>\n<li><a href=\"https:\/\/scholar.google.com\/citations?user=3fz369MAAAAJ&amp;hl=no&amp;oi=ao\">Google Scholar<\/a><\/li>\n<li><a href=\"https:\/\/www.hvl.no\/person\/?user=oddmund.hoel\">Tilsettside <\/a>\u00a0hj\u00e5 H\u00f8gskulen p\u00e5 Vestlandet<\/li>\n<\/ul>\n","protected":false},"excerpt":{"rendered":"<p>Her ligg tekstar av ulikt slag eg har publisert sidan 1989, hovudsakleg faglege, men \u00f2g nokre m\u00e5lpolitiske. Politiske tekstar fr\u00e5 \u00e5ra som statssekret\u00e6r og statsr\u00e5d (2021-2025) er ikkje med. Vel kategori i nedtrekksmenyen over (&laquo;Tekstar&raquo;). I kvar kategori finst\u00a0ei publikasjonsliste &hellip; <a href=\"https:\/\/www.krundalen.no\/blogg\/tekstar\/\">Les meir <span class=\"meta-nav\">&rarr;<\/span><\/a><\/p>\n","protected":false},"author":2,"featured_media":0,"parent":0,"menu_order":1,"comment_status":"closed","ping_status":"open","template":"","meta":{"_acf_changed":false,"footnotes":""},"class_list":["post-30","page","type-page","status-publish","hentry"],"acf":[],"_links":{"self":[{"href":"https:\/\/www.krundalen.no\/blogg\/wp-json\/wp\/v2\/pages\/30"}],"collection":[{"href":"https:\/\/www.krundalen.no\/blogg\/wp-json\/wp\/v2\/pages"}],"about":[{"href":"https:\/\/www.krundalen.no\/blogg\/wp-json\/wp\/v2\/types\/page"}],"author":[{"embeddable":true,"href":"https:\/\/www.krundalen.no\/blogg\/wp-json\/wp\/v2\/users\/2"}],"replies":[{"embeddable":true,"href":"https:\/\/www.krundalen.no\/blogg\/wp-json\/wp\/v2\/comments?post=30"}],"version-history":[{"count":19,"href":"https:\/\/www.krundalen.no\/blogg\/wp-json\/wp\/v2\/pages\/30\/revisions"}],"predecessor-version":[{"id":1747,"href":"https:\/\/www.krundalen.no\/blogg\/wp-json\/wp\/v2\/pages\/30\/revisions\/1747"}],"wp:attachment":[{"href":"https:\/\/www.krundalen.no\/blogg\/wp-json\/wp\/v2\/media?parent=30"}],"curies":[{"name":"wp","href":"https:\/\/api.w.org\/{rel}","templated":true}]}}