{"id":706,"date":"2010-07-04T10:02:17","date_gmt":"2010-07-04T08:02:17","guid":{"rendered":"http:\/\/www.krundalen.no\/blogg\/?page_id=706"},"modified":"2010-09-15T17:52:03","modified_gmt":"2010-09-15T15:52:03","slug":"jostedal-kyrkje-fakta-segn-og-soge-gjennom-350-ar-bokkapittel-2010","status":"publish","type":"page","link":"https:\/\/www.krundalen.no\/blogg\/tekstar\/b%c3%b8ker\/jostedal-kyrkje-fakta-segn-og-soge-gjennom-350-ar-bokkapittel-2010\/","title":{"rendered":"Jostedal kyrkje. Fakta, segn og soge gjennom 350 \u00e5r (bokkapittel 2010)"},"content":{"rendered":"<p>Hoel, \u00a0Oddmund L. (2010). Kap. X Det ringaste prestekallet i landet, og kap. XI Jostedal prestegard. I K\u00e5re \u00d8vregard, m.fl. (red.), <em>Jostedal kyrkje. Fakta, segn og soge gjennom 350 \u00e5r <\/em>(s. 169-211). Leikanger: Skald forlag.<\/p>\n<p><img loading=\"lazy\" decoding=\"async\" class=\"alignleft size-full wp-image-35\" title=\"Pdf-ikon\" src=\"http:\/\/www.krundalen.no\/blogg\/wp-content\/uploads\/2007\/04\/pdf.gif\" alt=\"Pdf-ikon\" width=\"16\" height=\"16\" \/> <a href=\"http:\/\/krundalen.no\/artiklar\/2010-Kyrkjeboka-olh-kapittel.pdf\">fulltekst <\/a>(4 Mb)<\/p>\n<p><a href=\"http:\/\/www.historielaget.jostedal.no\/?page_id=1230\">Meir om boka <\/a>(Jostedal historielag)<\/p>\n<p><img loading=\"lazy\" decoding=\"async\" class=\"alignleft size-thumbnail wp-image-707\" title=\"Jostedal kyrkje 350 \u00e5r - bokomslag\" src=\"http:\/\/www.krundalen.no\/blogg\/wp-content\/uploads\/2010\/07\/DSCF6148-150x203.jpg\" alt=\"Jostedal kyrkje 350 \u00e5r - bokomslag\" width=\"150\" height=\"203\" srcset=\"https:\/\/www.krundalen.no\/blogg\/wp-content\/uploads\/2010\/07\/DSCF6148-150x203.jpg 150w, https:\/\/www.krundalen.no\/blogg\/wp-content\/uploads\/2010\/07\/DSCF6148-300x406.jpg 300w, https:\/\/www.krundalen.no\/blogg\/wp-content\/uploads\/2010\/07\/DSCF6148-1024x1386.jpg 1024w, https:\/\/www.krundalen.no\/blogg\/wp-content\/uploads\/2010\/07\/DSCF6148.JPG 1724w\" sizes=\"(max-width: 150px) 100vw, 150px\" \/><\/p>\n","protected":false},"excerpt":{"rendered":"<p>Hoel, \u00a0Oddmund L. (2010). Kap. X Det ringaste prestekallet i landet, og kap. XI Jostedal prestegard. I K\u00e5re \u00d8vregard, m.fl. (red.), Jostedal kyrkje. Fakta, segn og soge gjennom 350 \u00e5r (s. 169-211). Leikanger: Skald forlag. fulltekst (4 Mb) Meir om &hellip; <a href=\"https:\/\/www.krundalen.no\/blogg\/tekstar\/b%c3%b8ker\/jostedal-kyrkje-fakta-segn-og-soge-gjennom-350-ar-bokkapittel-2010\/\">Les meir <span class=\"meta-nav\">&rarr;<\/span><\/a><\/p>\n","protected":false},"author":2,"featured_media":0,"parent":108,"menu_order":4,"comment_status":"open","ping_status":"open","template":"","meta":{"_acf_changed":false,"footnotes":""},"class_list":["post-706","page","type-page","status-publish","hentry"],"acf":[],"_links":{"self":[{"href":"https:\/\/www.krundalen.no\/blogg\/wp-json\/wp\/v2\/pages\/706"}],"collection":[{"href":"https:\/\/www.krundalen.no\/blogg\/wp-json\/wp\/v2\/pages"}],"about":[{"href":"https:\/\/www.krundalen.no\/blogg\/wp-json\/wp\/v2\/types\/page"}],"author":[{"embeddable":true,"href":"https:\/\/www.krundalen.no\/blogg\/wp-json\/wp\/v2\/users\/2"}],"replies":[{"embeddable":true,"href":"https:\/\/www.krundalen.no\/blogg\/wp-json\/wp\/v2\/comments?post=706"}],"version-history":[{"count":19,"href":"https:\/\/www.krundalen.no\/blogg\/wp-json\/wp\/v2\/pages\/706\/revisions"}],"predecessor-version":[{"id":751,"href":"https:\/\/www.krundalen.no\/blogg\/wp-json\/wp\/v2\/pages\/706\/revisions\/751"}],"up":[{"embeddable":true,"href":"https:\/\/www.krundalen.no\/blogg\/wp-json\/wp\/v2\/pages\/108"}],"wp:attachment":[{"href":"https:\/\/www.krundalen.no\/blogg\/wp-json\/wp\/v2\/media?parent=706"}],"curies":[{"name":"wp","href":"https:\/\/api.w.org\/{rel}","templated":true}]}}