{"id":71,"date":"2007-04-27T23:18:50","date_gmt":"2007-04-27T21:18:50","guid":{"rendered":"http:\/\/www.krundalen.no\/blogg\/?page_id=71"},"modified":"2007-05-02T21:18:19","modified_gmt":"2007-05-02T19:18:19","slug":"2005-1905-i-sogn-bokartikkel","status":"publish","type":"page","link":"https:\/\/www.krundalen.no\/blogg\/tekstar\/b%c3%b8ker\/2005-1905-i-sogn-bokartikkel\/","title":{"rendered":"1905 i Sogn (bokartikkel 2005)"},"content":{"rendered":"<p>Hoel, Oddmund L. (2005). 1905 i Sogn. I Kari Aslaug Hasle, m.fl. (red.), <em>Lokale r\u00f8yster i 1905. Unionsoppl\u00f8ysinga i aviser p\u00e5 Nordvestlandet<\/em> (s. 27-54). Volda: H\u00f8gskulen i Volda, 2005.<\/p>\n<p><a href=\"http:\/\/ask.bibsys.no\/ask\/action\/show?pid=051048604&amp;kid=biblio\">Bibsys-oppf\u00f8ring<\/a><\/p>\n<p><img decoding=\"async\" src=\"http:\/\/www.krundalen.no\/blogg\/wp-content\/uploads\/2007\/04\/pdf.gif\" alt=\"Pdf-ikon\" \/>\u00a0<a href=\"http:\/\/www.krundalen.no\/blogg\/wp-content\/uploads\/2007\/04\/2005_1905-lokale-royster.pdf\" title=\"Fulltekst (pdf)\">fulltekst<\/a> (pdf)<\/p>\n","protected":false},"excerpt":{"rendered":"<p>Hoel, Oddmund L. (2005). 1905 i Sogn. I Kari Aslaug Hasle, m.fl. (red.), Lokale r\u00f8yster i 1905. Unionsoppl\u00f8ysinga i aviser p\u00e5 Nordvestlandet (s. 27-54). Volda: H\u00f8gskulen i Volda, 2005. Bibsys-oppf\u00f8ring \u00a0fulltekst (pdf)<\/p>\n","protected":false},"author":2,"featured_media":0,"parent":108,"menu_order":6,"comment_status":"open","ping_status":"open","template":"","meta":{"_acf_changed":false,"footnotes":""},"class_list":["post-71","page","type-page","status-publish","hentry"],"acf":[],"_links":{"self":[{"href":"https:\/\/www.krundalen.no\/blogg\/wp-json\/wp\/v2\/pages\/71"}],"collection":[{"href":"https:\/\/www.krundalen.no\/blogg\/wp-json\/wp\/v2\/pages"}],"about":[{"href":"https:\/\/www.krundalen.no\/blogg\/wp-json\/wp\/v2\/types\/page"}],"author":[{"embeddable":true,"href":"https:\/\/www.krundalen.no\/blogg\/wp-json\/wp\/v2\/users\/2"}],"replies":[{"embeddable":true,"href":"https:\/\/www.krundalen.no\/blogg\/wp-json\/wp\/v2\/comments?post=71"}],"version-history":[{"count":0,"href":"https:\/\/www.krundalen.no\/blogg\/wp-json\/wp\/v2\/pages\/71\/revisions"}],"up":[{"embeddable":true,"href":"https:\/\/www.krundalen.no\/blogg\/wp-json\/wp\/v2\/pages\/108"}],"wp:attachment":[{"href":"https:\/\/www.krundalen.no\/blogg\/wp-json\/wp\/v2\/media?parent=71"}],"curies":[{"name":"wp","href":"https:\/\/api.w.org\/{rel}","templated":true}]}}