{"id":736,"date":"2010-09-06T13:16:46","date_gmt":"2010-09-06T11:16:46","guid":{"rendered":"http:\/\/www.krundalen.no\/blogg\/?page_id=736"},"modified":"2012-03-04T11:59:54","modified_gmt":"2012-03-04T09:59:54","slug":"studentmallaget-110-ar-smio%e2%80%90soga-pa-30-minutt-2010","status":"publish","type":"page","link":"https:\/\/www.krundalen.no\/blogg\/tekstar\/upubliserte-faglege-arbeid\/studentmallaget-110-ar-smio%e2%80%90soga-pa-30-minutt-2010\/","title":{"rendered":"Studentm\u00e5llaget 110 \u00e5r. SmiO-soga p\u00e5 30 minutt (2010)"},"content":{"rendered":"<p>Hoel, Oddmund L\u00f8kensgard. (2010). <em>Studentm\u00e5llaget 110 \u00e5r. SmiO-soga p\u00e5 30 minutt. <\/em>Upublisert innlegg p\u00e5 Haustseminar i Noregs M\u00e5llag\/Jubileumsseminar i Studentm\u00e5llaget i Oslo, Oslo 4.9.2010.<\/p>\n<p>Innleiinga byggjer p\u00e5 dei to kapitla eg skreiv til <a href=\"http:\/\/www.krundalen.no\/blogg\/?page_id=102\">Studentar i m\u00e5lstrid. Studentm\u00e5llaget i Oslo 100 \u00e5r<\/a> (2003).<\/p>\n<p><img loading=\"lazy\" decoding=\"async\" class=\"alignleft size-full wp-image-35\" title=\"Pdf-ikon\" src=\"http:\/\/www.krundalen.no\/blogg\/wp-content\/uploads\/2007\/04\/pdf.gif\" alt=\"Pdf-ikon\" width=\"16\" height=\"16\" \/>\u00a0<a href=\"http:\/\/krundalen.no\/artiklar\/2010-innl-jubsem-smio.pdf\">Fulltekst<\/a><\/p>\n","protected":false},"excerpt":{"rendered":"<p>Hoel, Oddmund L\u00f8kensgard. (2010). Studentm\u00e5llaget 110 \u00e5r. SmiO-soga p\u00e5 30 minutt. Upublisert innlegg p\u00e5 Haustseminar i Noregs M\u00e5llag\/Jubileumsseminar i Studentm\u00e5llaget i Oslo, Oslo 4.9.2010. Innleiinga byggjer p\u00e5 dei to kapitla eg skreiv til Studentar i m\u00e5lstrid. Studentm\u00e5llaget i Oslo 100 &hellip; <a href=\"https:\/\/www.krundalen.no\/blogg\/tekstar\/upubliserte-faglege-arbeid\/studentmallaget-110-ar-smio%e2%80%90soga-pa-30-minutt-2010\/\">Les meir <span class=\"meta-nav\">&rarr;<\/span><\/a><\/p>\n","protected":false},"author":2,"featured_media":0,"parent":110,"menu_order":4,"comment_status":"open","ping_status":"open","template":"","meta":{"_acf_changed":false,"footnotes":""},"class_list":["post-736","page","type-page","status-publish","hentry"],"acf":[],"_links":{"self":[{"href":"https:\/\/www.krundalen.no\/blogg\/wp-json\/wp\/v2\/pages\/736"}],"collection":[{"href":"https:\/\/www.krundalen.no\/blogg\/wp-json\/wp\/v2\/pages"}],"about":[{"href":"https:\/\/www.krundalen.no\/blogg\/wp-json\/wp\/v2\/types\/page"}],"author":[{"embeddable":true,"href":"https:\/\/www.krundalen.no\/blogg\/wp-json\/wp\/v2\/users\/2"}],"replies":[{"embeddable":true,"href":"https:\/\/www.krundalen.no\/blogg\/wp-json\/wp\/v2\/comments?post=736"}],"version-history":[{"count":5,"href":"https:\/\/www.krundalen.no\/blogg\/wp-json\/wp\/v2\/pages\/736\/revisions"}],"predecessor-version":[{"id":965,"href":"https:\/\/www.krundalen.no\/blogg\/wp-json\/wp\/v2\/pages\/736\/revisions\/965"}],"up":[{"embeddable":true,"href":"https:\/\/www.krundalen.no\/blogg\/wp-json\/wp\/v2\/pages\/110"}],"wp:attachment":[{"href":"https:\/\/www.krundalen.no\/blogg\/wp-json\/wp\/v2\/media?parent=736"}],"curies":[{"name":"wp","href":"https:\/\/api.w.org\/{rel}","templated":true}]}}