{"id":75,"date":"2007-04-28T06:45:22","date_gmt":"2007-04-28T04:45:22","guid":{"rendered":"http:\/\/www.krundalen.no\/blogg\/?page_id=75"},"modified":"2007-05-02T21:39:42","modified_gmt":"2007-05-02T19:39:42","slug":"det-norske-samlaget-mellom-sprakpolitikk-og-forlagsverksemd-f%c3%b8redrag-2006","status":"publish","type":"page","link":"https:\/\/www.krundalen.no\/blogg\/tekstar\/upubliserte-faglege-arbeid\/det-norske-samlaget-mellom-sprakpolitikk-og-forlagsverksemd-f%c3%b8redrag-2006\/","title":{"rendered":"Det Norske Samlaget mellom spr\u00e5kpolitikk og forlagsverksemd (f\u00f8redrag 2006)"},"content":{"rendered":"<p>Hoel, Oddmund L. (2006). <em>Det Norske Samlaget mellom spr\u00e5kpolitikk og forlagsverksemd. <\/em>Uprenta tale p\u00e5 \u00e5rsm\u00f8tet i Det Norske Samlaget, Oslo 28.4.2006.<\/p>\n<p><img decoding=\"async\" src=\"http:\/\/www.krundalen.no\/blogg\/wp-content\/uploads\/2007\/04\/pdf.gif\" alt=\"Pdf-ikon\" \/>\u00a0<a href=\"http:\/\/www.krundalen.no\/blogg\/wp-content\/uploads\/2007\/04\/2006_samlagstale.pdf\" title=\"2006_samlagstale.pdf\">fulltekst<\/a> (pdf)<\/p>\n","protected":false},"excerpt":{"rendered":"<p>Hoel, Oddmund L. (2006). Det Norske Samlaget mellom spr\u00e5kpolitikk og forlagsverksemd. Uprenta tale p\u00e5 \u00e5rsm\u00f8tet i Det Norske Samlaget, Oslo 28.4.2006. \u00a0fulltekst (pdf)<\/p>\n","protected":false},"author":2,"featured_media":0,"parent":110,"menu_order":8,"comment_status":"open","ping_status":"open","template":"","meta":{"_acf_changed":false,"footnotes":""},"class_list":["post-75","page","type-page","status-publish","hentry"],"acf":[],"_links":{"self":[{"href":"https:\/\/www.krundalen.no\/blogg\/wp-json\/wp\/v2\/pages\/75"}],"collection":[{"href":"https:\/\/www.krundalen.no\/blogg\/wp-json\/wp\/v2\/pages"}],"about":[{"href":"https:\/\/www.krundalen.no\/blogg\/wp-json\/wp\/v2\/types\/page"}],"author":[{"embeddable":true,"href":"https:\/\/www.krundalen.no\/blogg\/wp-json\/wp\/v2\/users\/2"}],"replies":[{"embeddable":true,"href":"https:\/\/www.krundalen.no\/blogg\/wp-json\/wp\/v2\/comments?post=75"}],"version-history":[{"count":0,"href":"https:\/\/www.krundalen.no\/blogg\/wp-json\/wp\/v2\/pages\/75\/revisions"}],"up":[{"embeddable":true,"href":"https:\/\/www.krundalen.no\/blogg\/wp-json\/wp\/v2\/pages\/110"}],"wp:attachment":[{"href":"https:\/\/www.krundalen.no\/blogg\/wp-json\/wp\/v2\/media?parent=75"}],"curies":[{"name":"wp","href":"https:\/\/api.w.org\/{rel}","templated":true}]}}