{"id":83,"date":"2007-04-28T07:02:43","date_gmt":"2007-04-28T05:02:43","guid":{"rendered":"http:\/\/www.krundalen.no\/blogg\/?page_id=83"},"modified":"2007-05-02T21:18:57","modified_gmt":"2007-05-02T19:18:57","slug":"ivar-aasen-som-opposisjonell-nasjonalist-bokartikkel-1998","status":"publish","type":"page","link":"https:\/\/www.krundalen.no\/blogg\/tekstar\/b%c3%b8ker\/ivar-aasen-som-opposisjonell-nasjonalist-bokartikkel-1998\/","title":{"rendered":"Ivar Aasen som opposisjonell nasjonalist (bokartikkel 1998)"},"content":{"rendered":"<p><a href=\"http:\/\/www.krundalen.no\/blogg\/wp-content\/uploads\/2007\/05\/jakten.jpg\" title=\"jakten.jpg\"><img decoding=\"async\" align=\"right\" src=\"http:\/\/www.krundalen.no\/blogg\/wp-content\/uploads\/2007\/05\/jakten.forhaandsvisning.jpg\" alt=\"jakten.jpg\" title=\"jakten.jpg\" \/><\/a>Hoel, Oddmund L. (1998). Ivar Aasen som opposisjonell nasjonalist. I \u00d8ystein S\u00f8rensen (red.), <em>Jakten p\u00e5 det norske. Perspektiver p\u00e5 utviklingen av en norsk nasjonal identitet p\u00e5 1800-tallet <\/em>(s. 303-320). Oslo: AdNotam.<\/p>\n<p><a href=\"http:\/\/ask.bibsys.no\/ask\/action\/show?pid=031457738&amp;kid=biblio\">Bibsys-oppf\u00f8ring<\/a><\/p>\n<p><img decoding=\"async\" src=\"http:\/\/www.krundalen.no\/blogg\/wp-content\/uploads\/2007\/04\/pdf.gif\" alt=\"Pdf-ikon\" \/>\u00a0<a href=\"http:\/\/www.krundalen.no\/blogg\/wp-content\/uploads\/2007\/04\/1998_jakten.pdf\" title=\"1998_jakten.pdf\">fulltekst<\/a> (pdf)<\/p>\n","protected":false},"excerpt":{"rendered":"<p>Hoel, Oddmund L. (1998). Ivar Aasen som opposisjonell nasjonalist. I \u00d8ystein S\u00f8rensen (red.), Jakten p\u00e5 det norske. Perspektiver p\u00e5 utviklingen av en norsk nasjonal identitet p\u00e5 1800-tallet (s. 303-320). Oslo: AdNotam. Bibsys-oppf\u00f8ring \u00a0fulltekst (pdf)<\/p>\n","protected":false},"author":2,"featured_media":0,"parent":108,"menu_order":11,"comment_status":"open","ping_status":"open","template":"","meta":{"_acf_changed":false,"footnotes":""},"class_list":["post-83","page","type-page","status-publish","hentry"],"acf":[],"_links":{"self":[{"href":"https:\/\/www.krundalen.no\/blogg\/wp-json\/wp\/v2\/pages\/83"}],"collection":[{"href":"https:\/\/www.krundalen.no\/blogg\/wp-json\/wp\/v2\/pages"}],"about":[{"href":"https:\/\/www.krundalen.no\/blogg\/wp-json\/wp\/v2\/types\/page"}],"author":[{"embeddable":true,"href":"https:\/\/www.krundalen.no\/blogg\/wp-json\/wp\/v2\/users\/2"}],"replies":[{"embeddable":true,"href":"https:\/\/www.krundalen.no\/blogg\/wp-json\/wp\/v2\/comments?post=83"}],"version-history":[{"count":0,"href":"https:\/\/www.krundalen.no\/blogg\/wp-json\/wp\/v2\/pages\/83\/revisions"}],"up":[{"embeddable":true,"href":"https:\/\/www.krundalen.no\/blogg\/wp-json\/wp\/v2\/pages\/108"}],"wp:attachment":[{"href":"https:\/\/www.krundalen.no\/blogg\/wp-json\/wp\/v2\/media?parent=83"}],"curies":[{"name":"wp","href":"https:\/\/api.w.org\/{rel}","templated":true}]}}