{"id":88,"date":"2007-04-28T18:37:03","date_gmt":"2007-04-28T16:37:03","guid":{"rendered":"http:\/\/www.krundalen.no\/blogg\/?page_id=88"},"modified":"2007-05-02T21:42:23","modified_gmt":"2007-05-02T19:42:23","slug":"bakgrunnen-for-riksmalsaksjonen-hausten-1899","status":"publish","type":"page","link":"https:\/\/www.krundalen.no\/blogg\/tekstar\/upubliserte-faglege-arbeid\/bakgrunnen-for-riksmalsaksjonen-hausten-1899\/","title":{"rendered":"Bakgrunnen for riksm\u00e5lsaksjonen hausten 1899 (f\u00f8redrag 2005)"},"content":{"rendered":"<p>Hoel, Oddmund L. (2005). <em>Bakgrunnen for riksm\u00e5lsaksjonen hausten 1899.<\/em> Uprenta innlegg p\u00e5 den nasjonale spr\u00e5kkonferansen MONS 11, Bergen 24.-26.11.2005.<\/p>\n<p><img decoding=\"async\" src=\"http:\/\/www.krundalen.no\/blogg\/wp-content\/uploads\/2007\/04\/pdf.gif\" alt=\"Pdf-ikon\" \/>\u00a0<a href=\"http:\/\/www.krundalen.no\/blogg\/wp-content\/uploads\/2007\/04\/2005-mons-innlegg-kort-versjon.pdf\" title=\"2005-mons-innlegg-kort-versjon.pdf\">fulltekst<\/a> (pdf)<\/p>\n","protected":false},"excerpt":{"rendered":"<p>Hoel, Oddmund L. (2005). Bakgrunnen for riksm\u00e5lsaksjonen hausten 1899. Uprenta innlegg p\u00e5 den nasjonale spr\u00e5kkonferansen MONS 11, Bergen 24.-26.11.2005. \u00a0fulltekst (pdf)<\/p>\n","protected":false},"author":2,"featured_media":0,"parent":110,"menu_order":11,"comment_status":"open","ping_status":"open","template":"","meta":{"_acf_changed":false,"footnotes":""},"class_list":["post-88","page","type-page","status-publish","hentry"],"acf":[],"_links":{"self":[{"href":"https:\/\/www.krundalen.no\/blogg\/wp-json\/wp\/v2\/pages\/88"}],"collection":[{"href":"https:\/\/www.krundalen.no\/blogg\/wp-json\/wp\/v2\/pages"}],"about":[{"href":"https:\/\/www.krundalen.no\/blogg\/wp-json\/wp\/v2\/types\/page"}],"author":[{"embeddable":true,"href":"https:\/\/www.krundalen.no\/blogg\/wp-json\/wp\/v2\/users\/2"}],"replies":[{"embeddable":true,"href":"https:\/\/www.krundalen.no\/blogg\/wp-json\/wp\/v2\/comments?post=88"}],"version-history":[{"count":0,"href":"https:\/\/www.krundalen.no\/blogg\/wp-json\/wp\/v2\/pages\/88\/revisions"}],"up":[{"embeddable":true,"href":"https:\/\/www.krundalen.no\/blogg\/wp-json\/wp\/v2\/pages\/110"}],"wp:attachment":[{"href":"https:\/\/www.krundalen.no\/blogg\/wp-json\/wp\/v2\/media?parent=88"}],"curies":[{"name":"wp","href":"https:\/\/api.w.org\/{rel}","templated":true}]}}