{"id":887,"date":"2011-09-16T14:40:15","date_gmt":"2011-09-16T12:40:15","guid":{"rendered":"http:\/\/www.krundalen.no\/blogg\/?page_id=887"},"modified":"2018-04-06T19:59:28","modified_gmt":"2018-04-06T17:59:28","slug":"8-leksikonartiklar-o-l","status":"publish","type":"page","link":"https:\/\/www.krundalen.no\/blogg\/tekstar\/8-leksikonartiklar-o-l\/","title":{"rendered":"8 Leksikonartiklar o.l."},"content":{"rendered":"<p style=\"padding-left: 30px;\">8.1 Encyclopedia of Romantic Nationalism in Europe (ERNiE)<br \/>\n8.2 Allkunne<br \/>\n8.3 Lokalhistoriewiki<br \/>\n8.4 Norgeshistorie.no<\/p>\n<p><strong>8.1 Encyclopedia of Romantic Nationalism in Europe (ERNiE)<br \/>\n<\/strong><a href=\"http:\/\/www.krundalen.no\/blogg\/wp-content\/uploads\/2018\/04\/Ernie.jpg\"><img loading=\"lazy\" decoding=\"async\" class=\"alignleft size-thumbnail wp-image-1513\" src=\"http:\/\/www.krundalen.no\/blogg\/wp-content\/uploads\/2018\/04\/Ernie-150x86.jpg\" alt=\"\" width=\"150\" height=\"86\" srcset=\"https:\/\/www.krundalen.no\/blogg\/wp-content\/uploads\/2018\/04\/Ernie-150x86.jpg 150w, https:\/\/www.krundalen.no\/blogg\/wp-content\/uploads\/2018\/04\/Ernie-300x172.jpg 300w, https:\/\/www.krundalen.no\/blogg\/wp-content\/uploads\/2018\/04\/Ernie-768x439.jpg 768w, https:\/\/www.krundalen.no\/blogg\/wp-content\/uploads\/2018\/04\/Ernie-1024x585.jpg 1024w, https:\/\/www.krundalen.no\/blogg\/wp-content\/uploads\/2018\/04\/Ernie.jpg 1672w\" sizes=\"(max-width: 150px) 100vw, 150px\" \/><\/a>Leksikonet vart utgjeve i to band i april 2018 (Amsterdam University Press) etter \u00e5 ha vore tilgjengeleg som nettleksikon sidan 2015. Det dokumenterer kulturnasjonalismen i alle europeiske kulturomr\u00e5de p\u00e5 1800-talet, og eit viktig siktem\u00e5l er \u00e5 f\u00e5 fram korleis nasjonale og etniske grupper vart inspirerte av kvarandre.<\/p>\n<p>Eg har skrive desse artiklane:<\/p>\n<ul>\n<li><a href=\"http:\/\/romanticnationalism.net\/viewer.p\/16\/56\/object\/131-158347\">Ivar Aasen<\/a>\u00a0(s. 211, bd. 1)<\/li>\n<li><a href=\"http:\/\/romanticnationalism.net\/viewer.p\/21\/56\/object\/131-158727\">Knud Knudsen<\/a>\u00a0(s. 383, bd. 1)<\/li>\n<li><a href=\"http:\/\/romanticnationalism.net\/viewer.p\/16\/56\/object\/122-159914\">Language Interest. Norwegian<\/a>\u00a0(s. 1207-1208, bd. 2)<\/li>\n<li><a href=\"http:\/\/romanticnationalism.net\/viewer.p\/21\/56\/object\/122-160975\">Education. Norwegian<\/a>\u00a0(s. 1216-1217, bd. 2)<\/li>\n<\/ul>\n<p>Artiklane om norske emne er elles skrivne av Tim van Gerven (13 artiklar), Narve Fuls\u00e5s (4), Kasper van Kooten (2) og Kim Simonsen, Max Bouwhuis og Viggo Bank Jensen (1).<\/p>\n<p>Aktuelle nettsider:<\/p>\n<ul>\n<li><a href=\"http:\/\/ernie.uva.nl\/viewer.p\/21\">Nettleksikonet<\/a> (hovudside)<\/li>\n<li><a href=\"http:\/\/en.aup.nl\/books\/9789462981188-encyclopedia-of-romantic-nationalism-in-europe.html\">Om bokutg\u00e5va<\/a> (Amsterdam University Press)<\/li>\n<\/ul>\n<p><strong>8.2 Allkunne<br \/>\n<\/strong>Artiklar om personar og institusjonar i m\u00e5lr\u00f8rsla. Mine artiklar, publiserte 2011\u201312:<\/p>\n<p>Personar: <a href=\"http:\/\/www.allkunne.no\/default.aspx?menu=85&amp;id=5518\">Ola Eiriksson B\u00f8<\/a> | <a href=\"http:\/\/www.allkunne.no\/default.aspx?menu=25&amp;id=1455\">Jon Dyrrdal<\/a> | <a href=\"http:\/\/www.allkunne.no\/default.aspx?menu=26&amp;id=1456\">Olav Andreas Eftest\u00f8l<\/a> |\u00a0<a href=\"http:\/\/www.allkunne.no\/framside\/biografiar\/f\/ola-five\/89\/5516\/\">Ola Five<\/a> | <a href=\"http:\/\/www.allkunne.no\/default.aspx?menu=1923&amp;id=78038\">Olav Hoprekstad<\/a> | <a href=\"http:\/\/www.allkunne.no\/default.aspx?menu=96&amp;id=5519\">Nikolai Lundegaard<\/a> |\u00a0<a href=\"http:\/\/www.allkunne.no\/default.aspx?menu=96&amp;id=5519\">Anstein Myhr<\/a> | <a href=\"http:\/\/www.allkunne.no\/default.aspx?menu=24&amp;id=1465\">Eirik Sommer<\/a> | <a href=\"http:\/\/www.allkunne.no\/default.aspx?menu=25&amp;id=1466\">Henrik St\u00f8rmer<\/a><\/p>\n<p>Institusjonar: <a href=\"http:\/\/www.allkunne.no\/default.aspx?menu=29&amp;id=5512\">bondeungdomslag<\/a> | <a href=\"http:\/\/www.allkunne.no\/default.aspx?menu=29&amp;id=5656\">m\u00e5lkontor<\/a> | <a href=\"http:\/\/www.allkunne.no\/default.aspx?menu=29&amp;id=5445\">studentm\u00e5llag<\/a><\/p>\n<p><strong>8.3 Lokalhistoriewiki<br \/>\n<\/strong>Hovudsakleg artiklar om lokalhistoriske emne fr\u00e5 Jostedalen, men \u00f2g ein del stoff fr\u00e5 historia til Sogn og Fjordane.<\/p>\n<ul>\n<li>2010: oppretta 195 artiklar<\/li>\n<li>2011: oppretta 46 artiklar<\/li>\n<li>2012: oppretta 71 artiklar<\/li>\n<li>2013: oppretta 69 artiklar<\/li>\n<li>2014: oppretta 23 artiklar<\/li>\n<li>2015: oppretta 4 artiklar<\/li>\n<\/ul>\n<p>St\u00f8rre artiklar:<\/p>\n<ul>\n<li><a href=\"http:\/\/www.lokalhistoriewiki.no\/index.php\/Eigedomstilh%C3%B8ve_i_Jostedalen_f%C3%B8r_1800\">Eigedomstilh\u00f8ve i Jostedalen f\u00f8r 1800<\/a>\u00a0(2010)<\/li>\n<li><a href=\"http:\/\/www.lokalhistoriewiki.no\/index.php\/Spr%C3%A5kskiftet_til_nynorsk_i_Jostedalen\">Spr\u00e5kskiftet til nynorsk i Jostedalen<\/a>\u00a0(2012)<\/li>\n<li><a href=\"http:\/\/lokalhistoriewiki.no\/index.php\/Lokal_spr%C3%A5kstrid\">Lokal spr\u00e5kstrid<\/a>\u00a0(2012)<\/li>\n<\/ul>\n<p><strong>8.4 Norgeshistorie.no<\/strong><br \/>\nEit nettleksikon om norsk historie som historikarmilj\u00f8et ved Universitetet i Oslo st\u00e5r bak, lansert hausten 2015. Mine artiklar:<\/p>\n<ul>\n<li><a href=\"http:\/\/www.norgeshistorie.no\/industrialisering-og-demokrati\/artikler\/1553-da-nynorsk-vart-offisielt-sprak.html\">D\u00e5 nynorsk vart offisielt spr\u00e5k<\/a><\/li>\n<li><a href=\"http:\/\/www.norgeshistorie.no\/bygging-av-stat-og-nasjon\/artikler\/1427-sprakmannen-knud-knudsen.html\">Spr\u00e5kmannen Knud Knudsen<\/a><\/li>\n<\/ul>\n","protected":false},"excerpt":{"rendered":"<p>8.1 Encyclopedia of Romantic Nationalism in Europe (ERNiE) 8.2 Allkunne 8.3 Lokalhistoriewiki 8.4 Norgeshistorie.no 8.1 Encyclopedia of Romantic Nationalism in Europe (ERNiE) Leksikonet vart utgjeve i to band i april 2018 (Amsterdam University Press) etter \u00e5 ha vore tilgjengeleg som &hellip; <a href=\"https:\/\/www.krundalen.no\/blogg\/tekstar\/8-leksikonartiklar-o-l\/\">Les meir <span class=\"meta-nav\">&rarr;<\/span><\/a><\/p>\n","protected":false},"author":2,"featured_media":0,"parent":30,"menu_order":8,"comment_status":"open","ping_status":"open","template":"","meta":{"_acf_changed":false,"footnotes":""},"class_list":["post-887","page","type-page","status-publish","hentry"],"acf":[],"_links":{"self":[{"href":"https:\/\/www.krundalen.no\/blogg\/wp-json\/wp\/v2\/pages\/887"}],"collection":[{"href":"https:\/\/www.krundalen.no\/blogg\/wp-json\/wp\/v2\/pages"}],"about":[{"href":"https:\/\/www.krundalen.no\/blogg\/wp-json\/wp\/v2\/types\/page"}],"author":[{"embeddable":true,"href":"https:\/\/www.krundalen.no\/blogg\/wp-json\/wp\/v2\/users\/2"}],"replies":[{"embeddable":true,"href":"https:\/\/www.krundalen.no\/blogg\/wp-json\/wp\/v2\/comments?post=887"}],"version-history":[{"count":24,"href":"https:\/\/www.krundalen.no\/blogg\/wp-json\/wp\/v2\/pages\/887\/revisions"}],"predecessor-version":[{"id":1516,"href":"https:\/\/www.krundalen.no\/blogg\/wp-json\/wp\/v2\/pages\/887\/revisions\/1516"}],"up":[{"embeddable":true,"href":"https:\/\/www.krundalen.no\/blogg\/wp-json\/wp\/v2\/pages\/30"}],"wp:attachment":[{"href":"https:\/\/www.krundalen.no\/blogg\/wp-json\/wp\/v2\/media?parent=887"}],"curies":[{"name":"wp","href":"https:\/\/api.w.org\/{rel}","templated":true}]}}