{"id":964,"date":"2012-03-04T12:10:32","date_gmt":"2012-03-04T10:10:32","guid":{"rendered":"http:\/\/www.krundalen.no\/blogg\/?page_id=964"},"modified":"2013-04-18T18:48:34","modified_gmt":"2013-04-18T16:48:34","slug":"kongeleg-naudhjelp-til-jostedalen-foredrag-2012","status":"publish","type":"page","link":"https:\/\/www.krundalen.no\/blogg\/tekstar\/upubliserte-faglege-arbeid\/kongeleg-naudhjelp-til-jostedalen-foredrag-2012\/","title":{"rendered":"Kongeleg naudhjelp til Jostedalen (f\u00f8redrag 2012)"},"content":{"rendered":"<p>Hoel, Oddmund L.\u00a0(2012). <em>Kongeleg naudhjelp til Jostedalen. Brevekst og krise i 1740-\u00e5ra.<\/em> Upublisert f\u00f8redrag i Jostedal historielag, 1.3.2012.<\/p>\n<p><a href=\"http:\/\/krundalen.no\/artiklar\/2012-Kongeleg%20-naudhjelp-1mar.pptx\">Presentasjon <\/a>(PowerPoint, 3 Mb)<\/p>\n<p>Ein omarbeidd versjon av f\u00f8redraget vart publisert som <a href=\"http:\/\/www.krundalen.no\/blogg\/?page_id=1059\">artikkel i 2013<\/a>\u00a0&#8211; sj\u00e5 der for n\u00e6rare omtale.<\/p>\n","protected":false},"excerpt":{"rendered":"<p>Hoel, Oddmund L.\u00a0(2012). Kongeleg naudhjelp til Jostedalen. Brevekst og krise i 1740-\u00e5ra. Upublisert f\u00f8redrag i Jostedal historielag, 1.3.2012. Presentasjon (PowerPoint, 3 Mb) Ein omarbeidd versjon av f\u00f8redraget vart publisert som artikkel i 2013\u00a0&#8211; sj\u00e5 der for n\u00e6rare omtale.<\/p>\n","protected":false},"author":2,"featured_media":0,"parent":110,"menu_order":3,"comment_status":"open","ping_status":"open","template":"","meta":{"_acf_changed":false,"footnotes":""},"class_list":["post-964","page","type-page","status-publish","hentry"],"acf":[],"_links":{"self":[{"href":"https:\/\/www.krundalen.no\/blogg\/wp-json\/wp\/v2\/pages\/964"}],"collection":[{"href":"https:\/\/www.krundalen.no\/blogg\/wp-json\/wp\/v2\/pages"}],"about":[{"href":"https:\/\/www.krundalen.no\/blogg\/wp-json\/wp\/v2\/types\/page"}],"author":[{"embeddable":true,"href":"https:\/\/www.krundalen.no\/blogg\/wp-json\/wp\/v2\/users\/2"}],"replies":[{"embeddable":true,"href":"https:\/\/www.krundalen.no\/blogg\/wp-json\/wp\/v2\/comments?post=964"}],"version-history":[{"count":5,"href":"https:\/\/www.krundalen.no\/blogg\/wp-json\/wp\/v2\/pages\/964\/revisions"}],"predecessor-version":[{"id":1064,"href":"https:\/\/www.krundalen.no\/blogg\/wp-json\/wp\/v2\/pages\/964\/revisions\/1064"}],"up":[{"embeddable":true,"href":"https:\/\/www.krundalen.no\/blogg\/wp-json\/wp\/v2\/pages\/110"}],"wp:attachment":[{"href":"https:\/\/www.krundalen.no\/blogg\/wp-json\/wp\/v2\/media?parent=964"}],"curies":[{"name":"wp","href":"https:\/\/api.w.org\/{rel}","templated":true}]}}