{"id":980,"date":"2012-04-09T11:59:55","date_gmt":"2012-04-09T09:59:55","guid":{"rendered":"http:\/\/www.krundalen.no\/blogg\/?page_id=980"},"modified":"2012-04-09T11:59:55","modified_gmt":"2012-04-09T09:59:55","slug":"rapport-om-stoda-for-nynorske-laeremiddel-2001","status":"publish","type":"page","link":"https:\/\/www.krundalen.no\/blogg\/tekstar\/b%c3%b8ker\/rapport-om-stoda-for-nynorske-laeremiddel-2001\/","title":{"rendered":"Rapport om stoda for nynorske l\u00e6remiddel (2001)"},"content":{"rendered":"<p>Hoel, Oddmund L., og Gudrun Kl\u00f8ve Juuhl. (2001). <em>Rapport om stoda for nynorske l\u00e6remiddel.<\/em> Oslo: Noregs M\u00e5llag og Norsk M\u00e5lungdom.<\/p>\n<p>Rapporten vart laga p\u00e5 oppdrag fr\u00e5 styret i Noregs M\u00e5llag som har publisert rapporten <a href=\"http:\/\/www.nm.no\/tekst.cfm?id=2452\">her <\/a>(rtf).<\/p>\n<p><img loading=\"lazy\" decoding=\"async\" title=\"Pdf-ikon\" src=\"http:\/\/www.krundalen.no\/blogg\/wp-content\/uploads\/2007\/04\/pdf.gif\" alt=\"Pdf-ikon\" width=\"16\" height=\"16\" \/>\u00a0<a href=\"http:\/\/www.krundalen.no\/blogg\/wp-content\/uploads\/2012\/04\/Leremiddelrapport.pdf\">fulltekst<\/a> (pdf)<\/p>\n","protected":false},"excerpt":{"rendered":"<p>Hoel, Oddmund L., og Gudrun Kl\u00f8ve Juuhl. (2001). Rapport om stoda for nynorske l\u00e6remiddel. Oslo: Noregs M\u00e5llag og Norsk M\u00e5lungdom. Rapporten vart laga p\u00e5 oppdrag fr\u00e5 styret i Noregs M\u00e5llag som har publisert rapporten her (rtf). \u00a0fulltekst (pdf)<\/p>\n","protected":false},"author":2,"featured_media":0,"parent":108,"menu_order":9,"comment_status":"open","ping_status":"open","template":"","meta":{"_acf_changed":false,"footnotes":""},"class_list":["post-980","page","type-page","status-publish","hentry"],"acf":[],"_links":{"self":[{"href":"https:\/\/www.krundalen.no\/blogg\/wp-json\/wp\/v2\/pages\/980"}],"collection":[{"href":"https:\/\/www.krundalen.no\/blogg\/wp-json\/wp\/v2\/pages"}],"about":[{"href":"https:\/\/www.krundalen.no\/blogg\/wp-json\/wp\/v2\/types\/page"}],"author":[{"embeddable":true,"href":"https:\/\/www.krundalen.no\/blogg\/wp-json\/wp\/v2\/users\/2"}],"replies":[{"embeddable":true,"href":"https:\/\/www.krundalen.no\/blogg\/wp-json\/wp\/v2\/comments?post=980"}],"version-history":[{"count":1,"href":"https:\/\/www.krundalen.no\/blogg\/wp-json\/wp\/v2\/pages\/980\/revisions"}],"predecessor-version":[{"id":982,"href":"https:\/\/www.krundalen.no\/blogg\/wp-json\/wp\/v2\/pages\/980\/revisions\/982"}],"up":[{"embeddable":true,"href":"https:\/\/www.krundalen.no\/blogg\/wp-json\/wp\/v2\/pages\/108"}],"wp:attachment":[{"href":"https:\/\/www.krundalen.no\/blogg\/wp-json\/wp\/v2\/media?parent=980"}],"curies":[{"name":"wp","href":"https:\/\/api.w.org\/{rel}","templated":true}]}}