{"id":983,"date":"2012-08-24T14:28:20","date_gmt":"2012-08-24T12:28:20","guid":{"rendered":"http:\/\/www.krundalen.no\/blogg\/?page_id=983"},"modified":"2012-08-24T14:29:33","modified_gmt":"2012-08-24T12:29:33","slug":"med-breen-i-tunet-kulturhistorisk-vandring-i-mjolvergrendi-2012","status":"publish","type":"page","link":"https:\/\/www.krundalen.no\/blogg\/tekstar\/upubliserte-faglege-arbeid\/med-breen-i-tunet-kulturhistorisk-vandring-i-mjolvergrendi-2012\/","title":{"rendered":"Med breen i tunet. Kulturhistorisk vandring i Mj\u00f8lvergrendi (f\u00f8redrag 2012)"},"content":{"rendered":"<p><a href=\"http:\/\/www.krundalen.no\/blogg\/wp-content\/uploads\/2012\/08\/Hefte-framside-150x223.jpg\"><img loading=\"lazy\" decoding=\"async\" class=\"alignleft size-thumbnail wp-image-986\" title=\"Hefte-framside-150x223\" src=\"http:\/\/www.krundalen.no\/blogg\/wp-content\/uploads\/2012\/08\/Hefte-framside-150x223-150x222.jpg\" alt=\"\" width=\"150\" height=\"222\" \/><\/a>Hoel, Oddmund L. (2012). <em>Med breen i tunet. Kulturhistorisk vandring i Mj\u00f8lvergrendi.<\/em> Upublisert f\u00f8redrag under Norsk brefestival, Jostedalen 17.6.2012.<\/p>\n<p><a href=\"http:\/\/www.krundalen.no\/blogg\/wp-content\/uploads\/2012\/08\/2012_Med-breen-i-tunet.pdf\">Hefte til bruk under vandringa<\/a>\u00a0(pdf, 2 Mb)<\/p>\n<p><a href=\"http:\/\/www.historielaget.jostedal.no\/?p=2281\">F\u00f8rehandsomtale<\/a> (Jostedal historielag)<\/p>\n<p><strong>Kjelder og litteratur nytta i heftet<\/strong><\/p>\n<p><strong><em>Bilete og figurar<\/em><\/strong><\/p>\n<p>Side 1 (J. C. Dahl) og 2 (Flintoe): henta fr\u00e5 Nussbaumer m.fl. 2011<br \/>\nSide 2, 4 og 5 (foto av Knudsen og Rekstad): henta fr\u00e5\u00a0<a href=\"http:\/\/www.ub.uib.no\/avdeling\/billed\/\">UBB Billedsamlingen<br \/>\n<\/a>Fig. 3, 4 og 5: eige oppsett p\u00e5 grunnlag av skattelistene<br \/>\nSj\u00e5 elles tilvisingar i heftet<\/p>\n<p><strong><em>Uprenta kjelder<\/em><\/strong><\/p>\n<p>Skattelister\u00a0<a href=\"http:\/\/www.historielaget.jostedal.no\/?page_id=117\">1596<\/a>,\u00a0<a href=\"http:\/\/www.historielaget.jostedal.no\/?page_id=2076\">1600<\/a>,\u00a0<a href=\"http:\/\/www.historielaget.jostedal.no\/?page_id=2095\">1603<\/a>,\u00a0<a href=\"http:\/\/www.historielaget.jostedal.no\/?page_id=2106\">1611\u00a0<\/a>\u00a0og\u00a0<a href=\"http:\/\/www.historielaget.jostedal.no\/?page_id=1924\">1660<\/a>\u00a0(avskrifter)<br \/>\n<a href=\"http:\/\/www.historielaget.jostedal.no\/?page_id=2050\">Skattelister 1600-1690<\/a>\u00a0(skanna)<br \/>\n<a href=\"http:\/\/www.historielaget.jostedal.no\/?page_id=118\">Matrikkelen 1647<\/a>\u00a0(avskrift)<br \/>\n<a href=\"http:\/\/www.historielaget.jostedal.no\/?page_id=1972\">Matrikkelen 1666<\/a>\u00a0(avskrift)<br \/>\n<a href=\"http:\/\/www.historielaget.jostedal.no\/?page_id=2057\">Matrikkelutkastet 1723<\/a>\u00a0(avskrift)<br \/>\n<a href=\"http:\/\/www.historielaget.jostedal.no\/?page_id=2059\">Matrikkelen 1838<\/a>\u00a0(skanna+database)<\/p>\n<p><a href=\"http:\/\/www.historielaget.jostedal.no\/?page_id=1851\">Prestemanntalet 1664<\/a>\u00a0(avskrift)<br \/>\n<a href=\"http:\/\/www.historielaget.jostedal.no\/?page_id=1885\">Sjelemanntalet 1759\u201360<\/a>\u00a0(skanna)<br \/>\n<a href=\"http:\/\/www.historielaget.jostedal.no\/?page_id=462\">Folketeljingar\/jordbruksteljingar<\/a>\u00a0(avskrifter\/databasar)<\/p>\n<p><a href=\"http:\/\/www.historielaget.jostedal.no\/?page_id=1149\">Tingsvitnet 1735<\/a>\u00a0(avskrift)<br \/>\n<a href=\"http:\/\/www.historielaget.jostedal.no\/?page_id=1146\">Avtaksforretningane august 1742<\/a>\u00a0(avskrift)<br \/>\n<a href=\"http:\/\/www.historielaget.jostedal.no\/?page_id=1425\">Klagebrev 28.12.1742<\/a>\u00a0(avskrift)<\/p>\n<p><strong><em>Prenta kjelder og litteratur<\/em><\/strong><\/p>\n<p>Andersen, J.L., og J.L. Sollid. (1971). Glacial chronology and glacial geomorphology in the marginal zones of the glaciers Midtalsbreen and Nigardsbreen, South Norway.\u00a0<em>Norsk Geografisk Tidsskrift<\/em>, 25, 1-38.<strong><\/strong><\/p>\n<p>Bohr, Gottfred. (1820).\u00a0<em>Om Iisbr\u00e6erne i Justedalen og om Lodalskaabe.<\/em>\u00a0S\u00e6rtrykk av Blandinger, eller L\u00e6sning for begge Kj\u00f6n. Et H\u00e6fteskrift. Christiania. [<a href=\"http:\/\/www.historielaget.jostedal.no\/?page_id=124\">Digital utg\u00e5ve &#8211; utdrag<\/a>]<strong><\/strong><\/p>\n<p>Foss, Matthias. (1802). Justedalens kortelige Beskrivelse.\u00a0<em>Magazin for Danmark og Norges topographiske, oekonomiske og statistiske Beskrivelse, 2<\/em>\u00a0(nr. 1), 1-44. [<a href=\"http:\/\/www.historielaget.jostedal.no\/?page_id=190\">Digital utg\u00e5ve<\/a>]<\/p>\n<p>Laberg, Jon. (1944). Jostedal. Ei stutt utgreiding om bygdi og folket der.\u00a0<em>Tidsskrift utgjeve av Historielaget for Sogn<\/em>\u00a0(nr. 11), 5-85. [<a href=\"http:\/\/www.historielaget.jostedal.no\/?page_id=300\">Digital utg\u00e5ve<\/a>]<\/p>\n<p>Nussbaumer, Samuel U., Atle Nesje, og Heinz J.\u00a0 Zumb\u00fchl. (2011). Historical glacier fluctuations of Jostedalsbreen and Folgefonna (southern Norway) reassessed by new pictorial and written evidence.\u00a0<em>Holocene<\/em>, 455-471.<\/p>\n<p>Sande, Olav. (1892).\u00a0<em>Segner fraa Sogn.<\/em>\u00a0(Bd. 2). Bergen: Mons Litler\u00e9. [<a href=\"http:\/\/www.historielaget.jostedal.no\/?page_id=40\">Digital utg\u00e5ve &#8211; utdrag<\/a>]<\/p>\n<p>Wiingaard, Hans sitert i Hans Str\u00f8m. (1762-66).\u00a0<em>Physisk og oeconomisk Beskrivelse over Fogderiet S\u00f8ndm\u00f8r.\u00a0<\/em>[<a href=\"http:\/\/www.historielaget.jostedal.no\/?page_id=123\">Digital utg\u00e5ve &#8211; utdrag<\/a>]<\/p>\n<p>\u00d8strem, G., O. Liest\u00f8l, og B. Wold. (1977). Glaciological investigations at Nigardsbreen, Norway.\u00a0<em>Norsk Geografisk Tidsskrift<\/em>, 30, 187-209.<\/p>\n<p>\u00d8yane, Lars E. (1994).\u00a0<em>Jostedal sokn. Gards- og \u00e6ttesoge for Luster kommune.<\/em>\u00a0 (Bd. 5). Gaupne: Luster kommune. [<a href=\"http:\/\/urn.nb.no\/URN:NBN:no-nb_digibok_2008020701034\">Digital utg\u00e5ve, NBdigital<\/a>]<\/p>\n","protected":false},"excerpt":{"rendered":"<p>Hoel, Oddmund L. (2012). Med breen i tunet. Kulturhistorisk vandring i Mj\u00f8lvergrendi. Upublisert f\u00f8redrag under Norsk brefestival, Jostedalen 17.6.2012. Hefte til bruk under vandringa\u00a0(pdf, 2 Mb) F\u00f8rehandsomtale (Jostedal historielag) Kjelder og litteratur nytta i heftet Bilete og figurar Side 1 &hellip; <a href=\"https:\/\/www.krundalen.no\/blogg\/tekstar\/upubliserte-faglege-arbeid\/med-breen-i-tunet-kulturhistorisk-vandring-i-mjolvergrendi-2012\/\">Les meir <span class=\"meta-nav\">&rarr;<\/span><\/a><\/p>\n","protected":false},"author":2,"featured_media":0,"parent":110,"menu_order":2,"comment_status":"open","ping_status":"open","template":"","meta":{"_acf_changed":false,"footnotes":""},"class_list":["post-983","page","type-page","status-publish","hentry"],"acf":[],"_links":{"self":[{"href":"https:\/\/www.krundalen.no\/blogg\/wp-json\/wp\/v2\/pages\/983"}],"collection":[{"href":"https:\/\/www.krundalen.no\/blogg\/wp-json\/wp\/v2\/pages"}],"about":[{"href":"https:\/\/www.krundalen.no\/blogg\/wp-json\/wp\/v2\/types\/page"}],"author":[{"embeddable":true,"href":"https:\/\/www.krundalen.no\/blogg\/wp-json\/wp\/v2\/users\/2"}],"replies":[{"embeddable":true,"href":"https:\/\/www.krundalen.no\/blogg\/wp-json\/wp\/v2\/comments?post=983"}],"version-history":[{"count":3,"href":"https:\/\/www.krundalen.no\/blogg\/wp-json\/wp\/v2\/pages\/983\/revisions"}],"predecessor-version":[{"id":988,"href":"https:\/\/www.krundalen.no\/blogg\/wp-json\/wp\/v2\/pages\/983\/revisions\/988"}],"up":[{"embeddable":true,"href":"https:\/\/www.krundalen.no\/blogg\/wp-json\/wp\/v2\/pages\/110"}],"wp:attachment":[{"href":"https:\/\/www.krundalen.no\/blogg\/wp-json\/wp\/v2\/media?parent=983"}],"curies":[{"name":"wp","href":"https:\/\/api.w.org\/{rel}","templated":true}]}}